{"id":122,"date":"2025-03-12T09:03:03","date_gmt":"2025-03-12T08:03:03","guid":{"rendered":"https:\/\/relaunch.iabnetz.com\/?page_id=122"},"modified":"2025-08-28T12:59:22","modified_gmt":"2025-08-28T10:59:22","slug":"iab-akademie","status":"publish","type":"page","link":"https:\/\/relaunch.iabnetz.com\/en\/iab-akademie\/","title":{"rendered":"IAB Akademie"},"content":{"rendered":"\n<div class=\"wp-block-group alignwide\"><div class=\"wp-block-group__inner-container is-layout-constrained wp-block-group-is-layout-constrained\">\n<p class=\"has-large-font-size\">Die IAB Akademie ist eine Initiative im Rahmen der IAB-Organisation. Sie dient der Fort- und Weiterbildung <strong>zu allen Aspekten neurologischer Bewegungsst\u00f6rungen<\/strong>.<\/p>\n<\/div><\/div>\n\n\n\n<figure class=\"wp-block-image alignfull size-large\"><img decoding=\"async\" src=\"http:\/\/relaunch.iabnetz.com\/wp-content\/uploads\/2024\/12\/tre_2-1024x9.jpg\" alt=\"\" class=\"wp-image-104\"\/><\/figure>\n\n\n\n<div class=\"wp-block-group alignwide\"><div class=\"wp-block-group__inner-container is-layout-constrained wp-block-group-is-layout-constrained\">\n<h3 class=\"wp-block-heading\">Eine Investition in die Zukunft<\/h3>\n<\/div><\/div>\n\n\n\n<div class=\"wp-block-group alignwide\"><div class=\"wp-block-group__inner-container is-layout-constrained wp-block-group-is-layout-constrained\">\n<p>IAB \u2013 Interdisziplin\u00e4rer Arbeitskreis Bewegungsst\u00f6rungen will durch einen <strong>interdisziplin\u00e4ren Ansatz die Behandlung von neurologischen Bewegungsst\u00f6rungen verbessern<\/strong>. Eine Aufgabe, die in Deutschland und anderen westlichen Gesellschaften <strong>immer dringlicher<\/strong> wird. Denn dort f\u00fchrt der<strong> demografische Wandel<\/strong> auch zu einer stetigen Zunahme von Menschen, die unter Bewegungsst\u00f6rungen leiden. Krankheiten wie Parkinson, Dystonien, spastische Syndrome oder Tremor sind n\u00e4mlich \u201ealtersassoziiert\u201c \u2013 sie entwickeln sich also vornehmlich bei \u00e4lteren Menschen und ihr Grad steigt mit den Lebensjahren. Obwohl diese Krankheiten mittlerweile ein <strong>zentraler Bereich der Neurologie<\/strong> sind und etwa ein Viertel aller Behandlungen in dieser Fachrichtung ausmachen, ist ihre medizinische Versorgung noch ein <strong>recht neues Gebiet<\/strong>. Umso intensiver und innovativer m\u00fcssen daher die Bem\u00fchungen sein, der wachsenden Patientenzahl <strong>fachgerecht zu helfen<\/strong>.<\/p>\n<\/div><\/div>\n\n\n\n<div class=\"wp-block-coblocks-accordion alignwide\">\n<div class=\"wp-block-coblocks-accordion-item\"><details><summary class=\"wp-block-coblocks-accordion-item__title has-background\" style=\"background-color:#e1e1d7\">Komplexe Therapien erfordern interdisziplin\u00e4ren Ansatz<\/summary><div class=\"wp-block-coblocks-accordion-item__content\" style=\"border-color:#e1e1d7\">\n<p>Hinzu kommt, dass die Behandlungen in der Regel sehr komplex sind. Sogenannte Kausaltherapien, die die Ursachen der Erkrankungen beseitigen, gibt es nicht. Daf\u00fcr sind in den vergangenen Jahren aber <strong>zahlreiche neue \u00e4rztliche wie nicht-\u00e4rztliche Behandlungen<\/strong> der Symptome entwickelt worden. Das hat dazu gef\u00fchrt, dass in einem interdisziplin\u00e4ren Ansatz <strong>mehrere Therapien miteinander kombiniert<\/strong> werden m\u00fcssen. Es mangelt aber an entsprechend <strong>geschultem Personal \u2013 ein Engpass<\/strong>, der sich noch versch\u00e4rft, sofern nicht gegengesteuert wird.<\/p>\n<\/div><\/details><\/div>\n\n\n\n<div class=\"wp-block-coblocks-accordion-item\"><details><summary class=\"wp-block-coblocks-accordion-item__title has-background\" style=\"background-color:#e1e1d7\">Mangel an geschultem Personal<\/summary><div class=\"wp-block-coblocks-accordion-item__content\" style=\"border-color:#e1e1d7\">\n<p>Immer<strong> wichtiger<\/strong> wird es somit, nicht nur mehr \u00e4rztlich T\u00e4tige auszubilden, die Bewegungsst\u00f6rungen behandeln, sondern beispielsweise <strong>auch Fachkr\u00e4fte aus den Bereichen Physiotherapie, Ergotherapie, ambulante Pflege und Orthop\u00e4dietechnik<\/strong> \u2013 also sogenannte nicht-\u00e4rztlich therapeutisch und p\u00e4dagogisch T\u00e4tige. Die Weiterbildung an der IAB Akademie in diesem sich ausweitenden Bereich ist eine <strong>Investition in die Zukunft<\/strong>.<\/p>\n\n\n\n<p>Sie steht auch <strong>Erkrankten sowie deren Angeh\u00f6rigen und dem weiteren Umfeld offen<\/strong>. Denn durch deren fachgerechte Unterst\u00fctzung k\u00f6nnen weitere Fortschritte bei den Therapieergebnissen erzielt und somit die <strong>Lebensqualit\u00e4t f\u00fcr die Erkrankten wie f\u00fcr deren privates Umfeld<\/strong> gehoben werden.<\/p>\n<\/div><\/details><\/div>\n\n\n\n<div class=\"wp-block-coblocks-accordion-item\"><details><summary class=\"wp-block-coblocks-accordion-item__title has-background\" style=\"background-color:#e1e1d7\">Hochkar\u00e4tige wissenschaftliche Unterst\u00fctzung<\/summary><div class=\"wp-block-coblocks-accordion-item__content\" style=\"border-color:#e1e1d7\">\n<p>AB wurde <strong>2006<\/strong> in Hamburg gegr\u00fcndet und verf\u00fcgt mittlerweile \u00fcber mehrere Standorte in Deutschland. Wissenschaftlich unterst\u00fctzt werden der Arbeitskreis und seine Akademie vom <strong>Bereich Bewegungsst\u00f6rungen der Medizinischen Hochschule Hannover<\/strong> und von einem hochkar\u00e4tigen <a href=\"https:\/\/iabnetz.de\/netzwerk\/koepfe\/wissenschaftlicher-beirat-2\/\"><strong>interdisziplin\u00e4r zusammengesetzten Wissenschaftlichen Beirat<\/strong><\/a>.<\/p>\n<\/div><\/details><\/div>\n\n\n\n<div class=\"wp-block-coblocks-accordion-item\"><details><summary class=\"wp-block-coblocks-accordion-item__title has-background\" style=\"background-color:#e1e1d7\">IAB Akademie<\/summary><div class=\"wp-block-coblocks-accordion-item__content\" style=\"border-color:#e1e1d7\">\n<p>IAB \u2013 Interdisziplin\u00e4rer Arbeitskreis Bewegungsst\u00f6rungen hat mit der IAB Akademie eine <strong>zentrale Weiterbildungsplattform<\/strong> geschaffen. Deren Programm bietet \u00e4rztlich wie nicht-\u00e4rztlich therapeutisch T\u00e4tigen, die im Bereich neurologischer Bewegungsst\u00f6rungen arbeiten, die M\u00f6glichkeit einer <strong>patentierten und zertifizierten Weiterbildung<\/strong> zu <strong>Fachtherapeut:innen Bewegungsst\u00f6rungen nach IAB-Konzept (FB-IAB)<\/strong>.<\/p>\n\n\n\n<p>Seit 2018 bietet IAB Akademie <strong><a href=\"https:\/\/iabnetz.de\/wp-content\/uploads\/2019\/01\/\u00dcbersicht-WBS-IAB.pdf\">12 Weiterbildungsbausteine<\/a> (<a href=\"https:\/\/iabnetz.de\/wp-content\/uploads\/2019\/01\/Qualibe-Zugang.pdf\">WbB<\/a>) in dem&nbsp;Projekt&nbsp;\u201eNetz3L \u2013 Hamburg bildet!\u201c<\/strong>.&nbsp; Zudem hat Dr. Fereshte Adib Saberi ein<strong><a href=\"https:\/\/iabnetz.de\/wp-content\/uploads\/2019\/01\/Netz3L_E-Learn_Zertifikat_Adib.pdf\"> Zertifikat<\/a> f\u00fcr die Gestaltung von kompetenzorientierten Curricula als&nbsp;Weiterbildungsanbieterin<\/strong> erlangt.<\/p>\n\n\n\n<p>Zudem k\u00f6nnen sowohl medizinisches Fachpersonal wie auch Erkrankte und deren Angeh\u00f6rige <strong>Einzelveranstaltungen<\/strong> aufsuchen, f\u00fcr die es Teilnahme-Bescheinigungen gibt. F\u00fcr IAB-Mitglieder werden <strong>erm\u00e4\u00dfigte Preise<\/strong> angeboten.<\/p>\n\n\n\n<p>Alle Veranstaltungen sowie Aus- und Weiterbildungen k\u00f6nnen <strong>berufsbegleitend<\/strong> belegt werden und sind so <strong>kompakt<\/strong> wie m\u00f6glich angelegt, um auch ausw\u00e4rtigen Interessenten die Teilnahme besser zu erm\u00f6glichen.<br>(mehr dazu auf: <a href=\"https:\/\/iabnetz.de\/de\/akademie\/angebote-fuer-aerztliche-und-nichtaerztliche-therapeuten\/\">Angebote f\u00fcr therapeut T\u00e4tige<\/a>&nbsp;\/ <a href=\"https:\/\/iabnetz.de\/de\/akademie\/angebote-fuer-patienten-und-deren-angehoerige-sowie-medizinische-laien\/\">Angebote f\u00fcr Erkrankte, Angeh\u00f6rige und medizinische Laien<\/a>)<\/p>\n<\/div><\/details><\/div>\n\n\n\n<div class=\"wp-block-coblocks-accordion-item\"><details><summary class=\"wp-block-coblocks-accordion-item__title has-background\" style=\"background-color:#e1e1d7\">Zertifizierte Weiterbildung zu Fachtherapeut:innen Bewegungsst\u00f6rungen nach IAB-Konzept (FB-IAB)<\/summary><div class=\"wp-block-coblocks-accordion-item__content\" style=\"border-color:#e1e1d7\">\n<p>Die <strong>zertifizierte und patentierte Ausbildung<\/strong> zum Fachtherapeuten teilt sich in <strong>drei&nbsp; Spezialisierungsgrade auf: Grund-, Superior- und Instrukteur-Niveau<\/strong>.<\/p>\n\n\n\n<p>Voraussetzung daf\u00fcr ist die Teilnahme an <strong>Grund- und Aufbaukursen<\/strong> zur Behandlung der h\u00e4ufigsten Bewegungsst\u00f6rungen. Zudem muss an einer Reihe von <strong>Spezialveranstaltungen<\/strong> (Einzelheiten s. Kurs\u00fcberischtstabelle) teilgenommen werden. Welche dies sind, wird in einem pers\u00f6nlichen Gespr\u00e4ch vereinbart. Damit k\u00f6nnen die Seminar- und Ausbildungsinhalte auf <strong>individuelle Erfordernisse<\/strong> zugeschnitten werden. Zudem m\u00fcssen <strong>abschlie\u00dfende theoretische und praktische Pr\u00fcfungen<\/strong> bestanden sowie eine Abschlussarbeit geschrieben werden (mehr dazu unter: &nbsp;<a href=\"https:\/\/iabnetz.de\/de\/akademie\/angebote-fuer-aerztliche-und-nichtaerztliche-therapeuten\/weiterbildung-zum-fachtherapeuten-bewegungsstoerungen-nach-iab-konzept\/\">Weiterbildung zum Fachtherapeut:innen Bewegungsst\u00f6rungen nach IAB-Konzept<\/a>). Die Voraussetzungen zum Erwerb des Zertifikats k\u00f6nnen in einem Zeitraum von 15&nbsp;bis 30 Monaten erworben werden.<\/p>\n\n\n\n<p>Zudem k\u00f6nnen sowohl medizinisches Fachpersonal wie auch Erkrankte und deren Angeh\u00f6rige <strong>Einzelveranstaltungen<\/strong> aufsuchen, f\u00fcr die es Teilnahme-Bescheinigungen gibt. F\u00fcr IAB-Mitglieder werden <strong>erm\u00e4\u00dfigte Preise<\/strong> angeboten.<\/p>\n\n\n\n<p>Alle Veranstaltungen sowie Aus- und Weiterbildungen k\u00f6nnen <strong>berufsbegleitend<\/strong> belegt werden und sind so <strong>kompakt<\/strong> wie m\u00f6glich angelegt, um auch ausw\u00e4rtigen Interessenten die Teilnahme besser zu erm\u00f6glichen.<br>(mehr dazu auf: <a href=\"https:\/\/iabnetz.de\/de\/akademie\/angebote-fuer-aerztliche-und-nichtaerztliche-therapeuten\/\">Angebote f\u00fcr therapeut T\u00e4tige<\/a>&nbsp;\/ <a href=\"https:\/\/iabnetz.de\/de\/akademie\/angebote-fuer-patienten-und-deren-angehoerige-sowie-medizinische-laien\/\">Angebote f\u00fcr Erkrankte, Angeh\u00f6rige und medizinische Laien<\/a>)<\/p>\n<\/div><\/details><\/div>\n\n\n\n<div class=\"wp-block-coblocks-accordion-item\"><details><summary class=\"wp-block-coblocks-accordion-item__title has-background\" style=\"background-color:#e1e1d7\">Nicht-\u00e4rztliche Therapien zentral<\/summary><div class=\"wp-block-coblocks-accordion-item__content\" style=\"border-color:#e1e1d7\">\n<p>In den Seminaren werden die <strong>notwendigen Therapien und ihre interdisziplin\u00e4ren Anwendungen<\/strong> vermittelt. Zun\u00e4chst werden detailliert die verschiedenen <strong>Formen und Verl\u00e4ufe<\/strong> von Bewegungsst\u00f6rungen dargestellt sowie ihre <strong>Ursachen und Auswirkungen<\/strong> auf den Patienten. Anschlie\u00dfend wird eine \u00dcbersicht \u00fcber die verschiedenen medizinischen Behandlungen und ihre Wirksamkeiten angeboten. Den zentralen Bereich der Ausbildung stellen die nicht-\u00e4rztlich therapeutisch T\u00e4tigen dar. Dabei wird eine <strong>neutrale \u00dcbersicht \u00fcber alle Verfahren<\/strong> geboten, ohne dass die Teilnehmenden auf einzelne Therapien festgelegt werden. Zudem werden auch <strong>Fachbegriffe<\/strong> erkl\u00e4rt und somit daf\u00fcr gesorgt, dass alle therapeutisch T\u00e4tige sie auch in gleichem Sinne verwenden.<\/p>\n\n\n\n<p>Zudem k\u00f6nnen sowohl medizinisches Fachpersonal wie auch Erkrankte und deren Angeh\u00f6rige <strong>Einzelveranstaltungen<\/strong> aufsuchen, f\u00fcr die es Teilnahme-Bescheinigungen gibt. F\u00fcr IAB-Mitglieder werden <strong>erm\u00e4\u00dfigte Preise<\/strong> angeboten.<\/p>\n\n\n\n<p>Alle Veranstaltungen sowie Aus- und Weiterbildungen k\u00f6nnen <strong>berufsbegleitend<\/strong> belegt werden und sind so <strong>kompakt<\/strong> wie m\u00f6glich angelegt, um auch ausw\u00e4rtigen Interessenten die Teilnahme besser zu erm\u00f6glichen.<br>(mehr dazu auf: <a href=\"https:\/\/iabnetz.de\/de\/akademie\/angebote-fuer-aerztliche-und-nichtaerztliche-therapeuten\/\">Angebote f\u00fcr therapeut T\u00e4tige<\/a>&nbsp;\/ <a href=\"https:\/\/iabnetz.de\/de\/akademie\/angebote-fuer-patienten-und-deren-angehoerige-sowie-medizinische-laien\/\">Angebote f\u00fcr Erkrankte, Angeh\u00f6rige und medizinische Laien<\/a>)<\/p>\n<\/div><\/details><\/div>\n\n\n\n<div class=\"wp-block-coblocks-accordion-item\"><details><summary class=\"wp-block-coblocks-accordion-item__title has-background\" style=\"background-color:#e1e1d7\">Einzelveranstaltungen f\u00fcr therapeutisch T\u00e4tige sowie Erkrankte und Angeh\u00f6rige und medizinische Laien<\/summary><div class=\"wp-block-coblocks-accordion-item__content\" style=\"border-color:#e1e1d7\">\n<p>Wer sich nicht zu Fach-Therapeut:in weiterbilden lassen will oder kann, hat die M\u00f6glichkeit, eigenes<strong> Wissen<\/strong> und die<strong> F\u00e4higkeiten<\/strong> in Einzelveranstaltungen zu vertiefen und den <strong>Umgang<\/strong> mit den meist <strong>chronischen Krankheiten<\/strong> zu verfeinern.<\/p>\n\n\n\n<p>Dieses Angebot richtet sich auch an Erkrankte und deren Angeh\u00f6rige, die ohnehin kein Zertifikat erwerben d\u00fcrfen. So werden sie in die Lage versetzt, <strong>die Therapie zu unterst\u00fctzen und damit die Bew\u00e4ltigung des Alltags f\u00fcr den Betroffenen und deren Umfeld zu erleichtern<\/strong>. Dazu k\u00f6nnen sie an den entsprechend gekennzeichneten Veranstaltungen teilnehmen. Insbesondere in Spezialkursen f\u00fchren <strong>Experten und Expertinnen f\u00fcr etablierte Methoden<\/strong> die Kursteilnehmenden in ihre Denkweisen ein. Die oft aus <strong>Laien und Professionellen zusammengesetzten Gruppen<\/strong> f\u00f6rdern zudem die interdisziplin\u00e4re Kommunikation.<\/p>\n<\/div><\/details><\/div>\n\n\n\n<div class=\"wp-block-coblocks-accordion-item\"><details><summary class=\"wp-block-coblocks-accordion-item__title has-background\" style=\"background-color:#e1e1d7\">Praxis von Anfang an \u2013 \u00dcbungen in Kleingruppen<\/summary><div class=\"wp-block-coblocks-accordion-item__content\" style=\"border-color:#e1e1d7\">\n<p>Neben dem fundierten <strong>theoretischen Unterricht<\/strong> werden <strong>intensive praxisbezogene \u00dcbungssequenzen<\/strong> angeboten. Unter supervidierter Anleitung und Aufsicht wird dabei die praktische Anwendung der Lehrinhalte trainiert. Dies geschieht in <strong>Kleingruppen<\/strong>, damit&nbsp; Lernen unmittelbar erfahrbar wird und mehr Freude bereitet. Au\u00dferdem sammeln die Teilnehmenden dadurch bereits im Zuge der Veranstaltungen <strong>wertvolle Erfahrungen f\u00fcr ihre zuk\u00fcnftige Praxis<\/strong> und kn\u00fcpfen oft schon <strong>Kontakte<\/strong> zu sp\u00e4teren Arbeitgebenden und anderen Gleichgesinnten. Einen besonderen Stellenwert hat dabei die M\u00f6glichkeit der <strong>Selbsterfahrung<\/strong>: Indem sie das, was sie sp\u00e4ter anwenden und weitergeben m\u00f6chten, zun\u00e4chst einmal selbst erfahren, wird ein <strong>verantwortungsvoller Einstieg<\/strong> in die Praxis aller bei der IAB Akademie erlernten F\u00e4cher m\u00f6glich.<\/p>\n<\/div><\/details><\/div>\n\n\n\n<div class=\"wp-block-coblocks-accordion-item\"><details><summary class=\"wp-block-coblocks-accordion-item__title has-background\" style=\"background-color:#e1e1d7\">Themenkreise<\/summary><div class=\"wp-block-coblocks-accordion-item__content\" style=\"border-color:#e1e1d7\">\n<p>Das <strong>Spastische Syndrom<\/strong>, beispielsweise infolge von Schlaganf\u00e4llen, Unf\u00e4llen oder entz\u00fcndlichen Krankheiten des Zentralen Nervensystems, stellt ein h\u00e4ufiges, aber immer noch nicht ausreichend oft und gut behandeltes Feld der Neurologie dar.<\/p>\n\n\n\n<p><strong>Dystonien<\/strong>, ob begrenzt auf umschriebenen K\u00f6rperpartien oder in ausgebreiteter Form, ob in der Kindheit auftretend oder im Erwachsenenalter, sind nicht selten, aber wenig bekannt und viele Patienten m\u00fcssen oft viele Jahre auf die richtige Diagnose und Therapie warten.<\/p>\n\n\n\n<p><strong>Parkinsonsyndrome<\/strong> sind h\u00e4ufig und nehmen mit der Zahl der \u00e4lteren Menschen zu, k\u00f6nnen aber auch J\u00fcngere betreffen. F\u00fcr sie gibt es eine wachsende Zahl von Behandlungsmethoden, die bekannt gemacht und sinnvoll eingesetzt werden m\u00fcssen.<\/p>\n\n\n\n<p><strong>Andere Bewegungsst\u00f6rungen<\/strong> wie Tremor, Chorea Huntington, Tourette Syndrom, Myklonien, funktionelle und seltene Bewegungsst\u00f6rungen, aber auch Wachkoma stellen f\u00fcr die Betroffenen eine besondere H\u00fcrde dar und bed\u00fcrfen mehr Beachtung.<\/p>\n\n\n\n<p><strong>Themen\u00fcbergreifende Bereiche<\/strong> wie Schluckst\u00f6rungen, Verordnungsrichtlinien f\u00fcr chronisch Kranke, aber auch Qualit\u00e4tsmanagement sind f\u00fcr viele Bewegungsst\u00f6rungen wichtig.<\/p>\n\n\n\n<p>Wir hoffen, Sie und Ihre Interessen mit dem Ausbau unseres IAB-Angebots zu erreichen und freuen uns auch weiterhin \u00fcber Ihre <strong>aktive Mitgestaltung<\/strong> mit den konstruktiven Anregungen. Sie k\u00f6nnen uns ab sofort mitteilen, welche Spezialkurse sie besonders gerne besuchen w\u00fcrden, damit wir diese W\u00fcnsche ber\u00fccksichtigen k\u00f6nnen.<br>Am besten teilen Sie uns gleich mit, wie gut Ihnen unsere angedachten IAB-Kursangebote gefallen, indem Sie an unserer&nbsp;<a href=\"https:\/\/iabnetz.de\/de\/akademie\/umfrage-zu-unserem-kursangebot\/\">Umfrage<\/a>&nbsp;teilnehmen und uns dadurch mitteilen, welche Sie gerne besuchen w\u00fcrden.<\/p>\n<\/div><\/details><\/div>\n<\/div>\n\n\n\n<div class=\"wp-block-columns is-layout-flex wp-container-core-columns-is-layout-9d6595d7 wp-block-columns-is-layout-flex\">\n<div class=\"wp-block-column is-layout-flow wp-block-column-is-layout-flow\">\n<div class=\"wp-block-buttons is-content-justification-left is-layout-flex wp-container-core-buttons-is-layout-fdcfc74e wp-block-buttons-is-layout-flex\">\n<div class=\"wp-block-button has-custom-width wp-block-button__width-75 is-style-outline is-style-outline--1\"><a class=\"wp-block-button__link has-small-font-size has-custom-font-size wp-element-button\" href=\"https:\/\/relaunch.iabnetz.com\/iab-akademie\/angebote\/\">Angebot f\u00fcr Therapeuten<\/a><\/div>\n<\/div>\n<\/div>\n\n\n\n<div class=\"wp-block-column is-vertically-aligned-center is-layout-flow wp-block-column-is-layout-flow\">\n<div class=\"wp-block-buttons is-content-justification-right is-layout-flex wp-container-core-buttons-is-layout-765c4724 wp-block-buttons-is-layout-flex\">\n<div class=\"wp-block-button has-custom-width wp-block-button__width-75 is-style-outline is-style-outline--2\"><a class=\"wp-block-button__link has-small-font-size has-custom-font-size wp-element-button\" href=\"https:\/\/relaunch.iabnetz.com\/iab-akademie\/angebote-fuer-patienten\/\">Angebot f\u00fcr Patienten<\/a><\/div>\n<\/div>\n<\/div>\n<\/div>\n\n\n\n<figure class=\"wp-block-image alignfull size-large\"><img decoding=\"async\" src=\"http:\/\/relaunch.iabnetz.com\/wp-content\/uploads\/2024\/12\/tre_2-1024x9.jpg\" alt=\"\" class=\"wp-image-104\"\/><\/figure>\n\n\n\n<h3 class=\"wp-block-heading\">IAB-Akademie: Auf einen Blick<\/h3>\n\n\n\n<h4 class=\"wp-block-heading\"><a href=\"https:\/\/iabnetz.de\/akademie\/alle-termine\/\">\u2022 Alle Termine der IAB Akademie<\/a><\/h4>\n\n\n\n<h4 class=\"wp-block-heading\"><a href=\"https:\/\/iabnetz.de\/akademie\/angebote-fuer-aerztliche-und-nichtaerztliche-therapeuten\/\">\u2022 Angebote f\u00fcr \u00e4rztliche und nicht\u00e4rztliche Therapeuten<\/a><\/h4>\n\n\n\n<h4 class=\"wp-block-heading\"><a href=\"https:\/\/iabnetz.de\/akademie\/angebote-fuer-patienten-und-deren-angehoerige-sowie-medizinische-laien\/\">\u2022 Angebote f\u00fcr Patienten und deren Angeh\u00f6rige sowie medizinische Laien<\/a><\/h4>\n\n\n\n<h4 class=\"wp-block-heading\"><a href=\"https:\/\/iabnetz.de\/akademie\/unsere-standorte-und-ansprechpartner\/\">\u2022 Unsere Standorte und Ansprechpartner<\/a><\/h4>\n\n\n\n<h4 class=\"wp-block-heading\"><a href=\"https:\/\/iabnetz.de\/akademie\/kursbeschreibungen\/\">\u2022 Kursbeschreibungen<\/a><\/h4>\n\n\n\n<p><\/p>\n","protected":false},"excerpt":{"rendered":"<p>Die IAB Akademie ist eine Initiative im Rahmen der IAB-Organisation. Sie dient der Fort- und Weiterbildung zu allen Aspekten neurologischer Bewegungsst\u00f6rungen. Eine Investition in die Zukunft IAB \u2013&hellip;<\/p>\n","protected":false},"author":1,"featured_media":0,"parent":0,"menu_order":0,"comment_status":"closed","ping_status":"closed","template":"template-full-width.php","meta":{"_acf_changed":false,"_coblocks_attr":"","_coblocks_dimensions":"","_coblocks_responsive_height":"","_coblocks_accordion_ie_support":"","_themeisle_gutenberg_block_has_review":false,"footnotes":""},"class_list":["post-122","page","type-page","status-publish","has-post-thumbnail","hentry"],"acf":[],"_links":{"self":[{"href":"https:\/\/relaunch.iabnetz.com\/en\/wp-json\/wp\/v2\/pages\/122","targetHints":{"allow":["GET"]}}],"collection":[{"href":"https:\/\/relaunch.iabnetz.com\/en\/wp-json\/wp\/v2\/pages"}],"about":[{"href":"https:\/\/relaunch.iabnetz.com\/en\/wp-json\/wp\/v2\/types\/page"}],"author":[{"embeddable":true,"href":"https:\/\/relaunch.iabnetz.com\/en\/wp-json\/wp\/v2\/users\/1"}],"replies":[{"embeddable":true,"href":"https:\/\/relaunch.iabnetz.com\/en\/wp-json\/wp\/v2\/comments?post=122"}],"version-history":[{"count":13,"href":"https:\/\/relaunch.iabnetz.com\/en\/wp-json\/wp\/v2\/pages\/122\/revisions"}],"predecessor-version":[{"id":15739,"href":"https:\/\/relaunch.iabnetz.com\/en\/wp-json\/wp\/v2\/pages\/122\/revisions\/15739"}],"wp:attachment":[{"href":"https:\/\/relaunch.iabnetz.com\/en\/wp-json\/wp\/v2\/media?parent=122"}],"curies":[{"name":"wp","href":"https:\/\/api.w.org\/{rel}","templated":true}]}}