{"id":1246,"date":"2016-05-24T12:40:06","date_gmt":"2016-05-24T10:40:06","guid":{"rendered":"https:\/\/iabnetz.de\/?post_type=news&#038;p=1246"},"modified":"2025-11-14T19:17:27","modified_gmt":"2025-11-14T18:17:27","slug":"english-veroeffentlichungen-pickenbrock-heidrun","status":"publish","type":"page","link":"https:\/\/relaunch.iabnetz.com\/en\/publikationen\/veroeffentlichungen-von-iab-experten\/english-veroeffentlichungen-pickenbrock-heidrun\/","title":{"rendered":"Pickenbrock, Heidrun, Dr. rer. biol. hum., MSc"},"content":{"rendered":"<ul>\n<li>Kollewe K, Mohammad B, K\u00f6hler S, Pickenbrock H, Dengler R, Dressler D (2014) Blepharospasm: <strong>long-term treatment with either Botox<sup>(\u00ae<\/sup><sup>),<\/sup>\u00a0Xeomin<sup>(\u00ae)\u00a0<\/sup>or Dysport<sup>(\u00ae<\/sup><\/strong><sup>)\u00a0<\/sup>Journal of neural transmission (Vienna, Austria : 1996) 07\/2014; DOI: 10.1007\/s00702-014-1278-z<\/li>\n<li>Pickenbrock H.<strong> \u201eSpastik Manager\u201c an der Medizinischen Hochschule Hannover. Projektbericht.<\/strong> pt_<a name=\"_GoBack\"><\/a>Zeitschrift f\u00fcr Physiotherapeuten 2013;65(10):<\/li>\n<li>Pickenbrock H, Ziegler V, Dressler D. <strong>Lagerungstherapie in der Neurologie<\/strong>. Die Schwester \u2013 der Pfleger (in press, eingereicht 05.06.2013)<\/li>\n<li>Pickenbrock H. <strong>\u201e1. Internationale Konferenz der Rehabilitation von Dystonien\u201c. <\/strong>pt_Zeitschrift f\u00fcr Physiotherapeuten 2013; 65:75<\/li>\n<li>Pickenbrock H. <strong>Schlafen und Ruhen &#8211;\u00a0 LiN \u2013 Lagerung in Neutralstellung\u00ae. <\/strong>IN: Leitfaden H\u00e4usliche Pflege von Palte H.\u00a0 (Hsg.) Urban und Fischer, M\u00fcnchen (2012) Kapitel 4.12.3: S: 354-357<\/li>\n<li>Pickenbrock H. <strong>Pflegekonzepte bei zentral-neurologischen Erkrankungen.<\/strong> IN: Leitfaden H\u00e4usliche Pflege von Palte H.\u00a0 (Hsg.) Urban und Fischer, M\u00fcnchen (2012) Kapitel 4.12: 346-354<\/li>\n<li>Mondry I, Pickenbrock H. <strong>Bequem gelagert \u2013 Noch dazu therapeutisch wirksam?<\/strong> NOT (2012) 2 April \u2013Mai: 36-38<\/li>\n<li>Pickenbrock H. <strong>Behandlungsans\u00e4tze der Physiotherapie bei Dystonie.<\/strong> Dystonie aktuell (2011) 35\/Herbst: 16-17<\/li>\n<li>Pickenbrock H. <strong>Physiotherapie f\u00fcr Patienten mit Dystonie \u2013 ein anderes Denkmodell.<\/strong> Dystonie aktuell (2011) 34\/Fr\u00fchjahr: 19<\/li>\n<li>O\u00dfwald N, Pickenbrock H. <strong>Lagerung in Neutralstellung \u2013 ein Verein verbreitet das Konzept.<\/strong> NOT (2011) 5: 70<\/li>\n<li>Dressler D, Adib F, Pickenbrock H. <strong>Blick in die Medizin: Botulinumtoxin \u2013 Entspannung per Spritze.<\/strong> physiopraxis (2010) 8: 40-41 <strong>UND<\/strong> ergopraxis (2010) 3: 24-25<\/li>\n<li>Pickenbrock H. (Hrsg) <strong>Multimodale Therapie spastischer Bewegungsst\u00f6rungen. Ein \u00dcberblick f\u00fcr Therapeuten, \u00c4rzte und Pflegende.<\/strong> Lehmanns Verlag, Berlin (2009)<\/li>\n<li>Pickenbrock H. <strong>Bobath in der Ergotherapie<\/strong>. IN: Ergotherapie im Arbeitsfeld der Neurologie von Habermann C, Kolster F.\u00a0 \u00a0Georg Thieme Verlag, Stuttgart (2008) 2. Auflage: 699-726<\/li>\n<li>Pickenbrock H. <strong>Pflege nach dem Bobath-Konzept<\/strong>. IN: Leitfaden H\u00e4usliche Pflege von Herrman A, Palte H. Urban und Fischer, M\u00fcnchen (2008): 224-335<\/li>\n<li>Pickenbrock H, Wolpert H.<strong> Pflegetherapeutische Aspekte zur Fr\u00fchrehabilitation von Patienten mit Hirnverletzung auf der Intensivstation \u2013 Fallbericht<\/strong>. IV-8.7.1 IN: Meyer, Friesacher, Lange. Handbuch der Intensivpflege. Ein Lehr- und Arbeitsbuch f\u00fcr Mitarbeiter auf Intensivstation. 21. Erg\u00e4nzungslieferung (2006) 11\/06: 1-23<\/li>\n<li>Pickenbrock H. <strong>Rund um die Uhr gut gelagert. Lagerung in Neutralstellung.<\/strong> physiopraxis. (2006) 4(2): 23-26<\/li>\n<li>Pickenbrock H. <strong>Das Bobath-Konzept heute.<\/strong> IN: Meyer, Friesacher, Lange. Handbuch der Intensivpflege. IV-8,7. 19. Erg\u00e4nzungslieferung (2005) 11\/05: 1-16<\/li>\n<li>Pickenbrock H. <strong>Physiotherapie bei Patienten im Wachkoma<\/strong> . IN: Wachkoma, Nydahl, Peter (Hrsg.) Urban &amp; Fischer, M\u00fcnchen (2007) 2. Auflage: 146-161<\/li>\n<li>Haarmann U, Pickenbrock H. <strong>Die Pflege des wachkomat\u00f6sen Patienten<\/strong> . IN: Wachkoma, Nydahl, Peter (Hrsg.) Urban &amp; Fischer, M\u00fcnchen (2007) 2. Auflage: 128-145<\/li>\n<li>Pickenbrock H. <strong>Qualit\u00e4tskriterien und Leitlinien der DGNKN zur Behandlung von Hemiplegie und das Bobath-Konzept \u2013 Ein inhaltlicher Widerspruch? Zeitschrift f\u00fcr Physiotherapeuten<\/strong> (2004) 56; Seite 16-24<\/li>\n<li>Pickenbrock H. <strong>Leitlinien f\u00fcr die motorische Rehabilitation von &#8211; Patienten mit Hemiparese (DGNKN 03.03) &#8211; Schlaganfallpatienten (DGN 05.02). Anmerkung einer Physiotherapeutin und Bobath- Instruktorin (IBITA).<\/strong> Neurologie und Rehabilitation. (2003) 9 (5); Seite 244-45<\/li>\n<li>Pickenbrock H. <strong>Lagern in Neutralstellung. Praktisches Vorgehen am Beispiel einer geriatrischen Patientin.<\/strong> Magazin Stoma + Inkontinez (2003) 33; Seite 9-13<\/li>\n<li>Pickenbrock H. <strong>Lagern. Eine \u00dcbersicht \u00fcber lang Bew\u00e4hrtes und neue Entwicklungen.<\/strong> Magazin Stoma + Inkontinez (2003) 32; Seite 31-33<\/li>\n<li>\n<p class=\"bodytext\"><a href=\"http:\/\/www.aerzteblatt.de\/archiv\/treffer?archivAutor=Pickenbrock%2C+Heidrun\">Pickenbrock H<\/a>,\u00a0<a href=\"http:\/\/www.aerzteblatt.de\/archiv\/treffer?archivAutor=Ludwig%2C+Vera+U%2E\">Ludwig\u00a0V U<\/a>,\u00a0<a href=\"http:\/\/www.aerzteblatt.de\/archiv\/treffer?archivAutor=Zapf%2C+Antonia\">Zapf \u00a0A<\/a>,\u00a0<a href=\"http:\/\/www.aerzteblatt.de\/archiv\/treffer?archivAutor=Dressler%2C+Dirk\">Dressler D\u00a0<\/a><a id=\"article-167241\" href=\"http:\/\/www.aerzteblatt.de\/archiv\/167241\/Lagerung-von-Patienten-mit-zentral-neurologischen-Erkrankungen-Randomisierte-kontrollierte-Multicenterstudie-zur-Evaluation-zweier-Lagerungskonzepte?src=search\">Lagerung von Patienten mit zentral-neurologischen Erkrankungen: Randomisierte kontrollierte Multicenterstudie zur Evaluation zweier Lagerungskonzepte<\/a>.\u00a0Dtsch Arztebl Int 2015; 112(3): 35-42; DOI: 10.3238\/arztebl.2015.0035<\/p>\n<\/li>\n<\/ul>\n","protected":false},"excerpt":{"rendered":"<p>Publication List<\/p>\n","protected":false},"author":1,"featured_media":27220,"parent":30428,"menu_order":0,"comment_status":"closed","ping_status":"closed","template":"template-full-width.php","meta":{"_acf_changed":false,"_coblocks_attr":"","_coblocks_dimensions":"","_coblocks_responsive_height":"","_coblocks_accordion_ie_support":"","_themeisle_gutenberg_block_has_review":false,"footnotes":""},"class_list":["post-1246","page","type-page","status-publish","has-post-thumbnail","hentry"],"acf":[],"_links":{"self":[{"href":"https:\/\/relaunch.iabnetz.com\/en\/wp-json\/wp\/v2\/pages\/1246","targetHints":{"allow":["GET"]}}],"collection":[{"href":"https:\/\/relaunch.iabnetz.com\/en\/wp-json\/wp\/v2\/pages"}],"about":[{"href":"https:\/\/relaunch.iabnetz.com\/en\/wp-json\/wp\/v2\/types\/page"}],"author":[{"embeddable":true,"href":"https:\/\/relaunch.iabnetz.com\/en\/wp-json\/wp\/v2\/users\/1"}],"replies":[{"embeddable":true,"href":"https:\/\/relaunch.iabnetz.com\/en\/wp-json\/wp\/v2\/comments?post=1246"}],"version-history":[{"count":1,"href":"https:\/\/relaunch.iabnetz.com\/en\/wp-json\/wp\/v2\/pages\/1246\/revisions"}],"predecessor-version":[{"id":30471,"href":"https:\/\/relaunch.iabnetz.com\/en\/wp-json\/wp\/v2\/pages\/1246\/revisions\/30471"}],"up":[{"embeddable":true,"href":"https:\/\/relaunch.iabnetz.com\/en\/wp-json\/wp\/v2\/pages\/30428"}],"wp:featuredmedia":[{"embeddable":true,"href":"https:\/\/relaunch.iabnetz.com\/en\/wp-json\/wp\/v2\/media\/27220"}],"wp:attachment":[{"href":"https:\/\/relaunch.iabnetz.com\/en\/wp-json\/wp\/v2\/media?parent=1246"}],"curies":[{"name":"wp","href":"https:\/\/api.w.org\/{rel}","templated":true}]}}