{"id":1248,"date":"2016-05-24T12:43:47","date_gmt":"2016-05-24T10:43:47","guid":{"rendered":"https:\/\/iabnetz.de\/?post_type=news&#038;p=1248"},"modified":"2025-11-14T17:51:06","modified_gmt":"2025-11-14T16:51:06","slug":"english-veroeffentlichungen-dr-wibke-bein-wierzbinski","status":"publish","type":"page","link":"https:\/\/relaunch.iabnetz.com\/en\/publikationen\/veroeffentlichungen-von-iab-experten\/english-veroeffentlichungen-dr-wibke-bein-wierzbinski\/","title":{"rendered":"Bein-Wierzbinski, Wibke, PhD"},"content":{"rendered":"<p><\/p>\n<p class=\"bodytext\"><b>Books\u00a0on Movement Development (In German Language):<\/b><\/p>\n<ul>\n<li>Konzentration und K\u00f6rperhaltung erfolgreich f\u00f6rdern \u2013 40 Bewegungsspiele f\u00fcr Turnhalle und Klassenraum\u00a0 von Wibke Bein-Wierzbinski und Christiane Heidbreder-Schenk, ISBN 978-3-7853-1819-5 Limpert-Verlag<\/li>\n<li>Eine kleine Raupe geht auf Wanderschaft\u2026 und macht viele Bekanntschaften &#8211; Neuromotorisches \u00dcbungsprogramm f\u00fcr Kinder im Vorschulbereich und in der Grundschule, 2007, ca. 120 S., Format DIN A4, Ringbindung,\u00a0 ISBN 3-8080-0608-0<\/li>\n<li>R\u00e4umlich-konstruktive St\u00f6rungen bei Grundschulkindern: Eine Untersuchung \u00fcber die Bedeutung des neuromotorischen Aufrichtungsprozesses f\u00fcr die Blickmotorik und r\u00e4umlich-konstruktives Darstellen sowie M\u00f6glichkeiten der Entwicklungsf\u00f6rderung durch motorisches Training , 2., durchg. Aufl.. Frankfurt am Main, 2005.\u00a0 350 S., Europ\u00e4ische Hochschulschriften: Reihe 11, P\u00e4dagogik. Bd. 910,\u00a0 ISBN 3-631-54477-4<\/li>\n<\/ul>\n<p class=\"bodytext\"><b>Full Size Papers on Movement Development (In German Language)<\/b><\/p>\n<ul>\n<li>Poster: Entwicklungsschritte im ersten Lebensjahr und m\u00f6gliche Abweichungen sowie deren Auswirkungen bis ins Schulalter, farbig, Gr\u00f6\u00dfe: Din A1, \u00a0zu beziehen \u00fcber: <a href=\"http:\/\/www.paepki.de\">www.paepki.de<\/a><\/li>\n<li>Die nat\u00fcrliche Bewegungsentwicklung unterst\u00fctzen &#8211; von Geburt an, in: Die Hebamme 2011, Heft 4<\/li>\n<li>Die fr\u00fchkindliche Bewegungsentwicklung. Deutsche Zeitschrift f\u00fcr Osteopathie.\u00a0 Haug-Verlag: 3\/2013: 16-20<\/li>\n<li>Das P\u00e4PKi\u00ae-Konzept &#8211; P\u00e4dagogische F\u00f6rdermethode f\u00fcr Kinder mit funktionellen Entwicklungsst\u00f6rungen und deren Eltern. Sonderdruck Manuelle Medizin 2011. 49:153\u2013160; Springer Verlag<\/li>\n<li>Back to the Roots &#8211; Entwicklungsschritte nachholen. In: Ergopraxis 1\/11. Thieme Verlag<\/li>\n<li>Leichte Abweichungen in der fr\u00fchkindlichen Bewegungsentwicklung und sp\u00e4ter auftretende Lernst\u00f6rungen: Gibt es einen Zusammenhang? In: Kinderkrankenschwester 30 Jg., 2\/2011<\/li>\n<li>M\u00f6gliche Zusammenh\u00e4nge zwischen Kopfgelenksdysfunktionen und blickmotorischen Auff\u00e4lligkeiten bei Grundschulkindern mit Schulschwierigkeiten. Manuelle Medizin 2008. 46:307-315; Springer Medizin Verlag 2008<\/li>\n<li>Kindergarten- und Grundschulkinder profitieren von gezielter Gymnastik. Praxis der Psychomotorik. Zeitschrift der Bewegungserziehung. Jg.32(4)2007:1-10<\/li>\n<li>Den Spielplatz intensiv nutzen &#8211; Spielideen zur Unterst\u00fctzung der Bewegungsentwicklung , zu beziehen \u00fcber: www.paepki.de<\/li>\n<li>F\u00f6rdernde Tragegriffe, bei denen Ihr Kind mitarbeiten muss, 5 Karten, zu beziehen \u00fcber: www.paepki.de<\/li>\n<li>F\u00f6rdernde \u201eSitzgelegenheiten\u201c, bei denen Sie Ihr Kind auf dem Weg zum eigenst\u00e4ndigen Sitzen unterst\u00fctzen, 10 Karten, zu beziehen \u00fcber: <a href=\"http:\/\/www.paepki.de\" target=\"_blank\" rel=\"noopener noreferrer\">www.paepki.de<\/a><\/li>\n<\/ul>\n<p class=\"bodytext\"><strong>Books on\u00a0<\/strong><strong>Demand Oriented\u00a0Food<b> (In German Language)<\/b><\/strong><\/p>\n<ul>\n<li>Stillen und Ern\u00e4hrung der stillenden Mutter: Bedarfsorientierte Ern\u00e4hrung f\u00fcr Mutter und Kind , Verlag: Lehmanns Media, ISBN 978-3-86541-559-2<\/li>\n<li>Einf\u00fchrung der Beikost: Bedarfsorientierte Ern\u00e4hrung von Anfang an, Verlag: Lehmanns Media, ISBN 978-3-86541-558-5<\/li>\n<li>Fr\u00fchst\u00fccken wie ein Kaiser, Mittagessen wie ein K\u00f6nig und Abendessen wie ein Bettelmann: Die Bedarfsorientierte Ern\u00e4hrung im allt\u00e4glichen Gebrauch \u2013 Rezepte und Tipps bei der Umsetzung, Verlag: Lehmanns Media ISBN 978-3-86541-582-0<\/li>\n<\/ul>\n<p class=\"bodytext\"><b>Full Size Papers on\u00a0<\/b><strong>Demand Oriented\u00a0Food<b> (In German Language)<\/b><\/strong><\/p>\n<ul>\n<li>Poster &#8220;Saftkinder&#8221; &#8211; M\u00f6gliche Auff\u00e4lligkeiten bei Kindern mit hohem Saftkonsum; Gr\u00f6\u00dfe: Din A3<\/li>\n<li>Das Konzept der Bedarfsorientierten Ern\u00e4hrung nach Heinrich T\u00f6nnies- Wie ern\u00e4hre ich mein Kind gesunderhaltend? P\u00e4PKi-Sonderdruck<\/li>\n<li>Wie Eltern Kinder mit myofunktionellen St\u00f6rungen unterst\u00fctzen k\u00f6nnen -Tipps zur Ern\u00e4hrungsumstellung,\u00a0 P\u00e4PKi-Sonderdruck<\/li>\n<li>Einf\u00fchrung der Beikost &#8211; Bedarfsorientierte Ern\u00e4hrung von Anfang an\u00a0 von Wibke Bein-Wierzbinski, Verlag Lehmanns Media ISBN 978-3-86541-558-5<\/li>\n<\/ul>\n<ul>\n<li><\/li>\n<\/ul>\n<p><b>P\u00e4PKi<sup>\u00ae<\/sup>&#8211;<\/b><b>Video:<\/b><\/p>\n<ul>\n<li>Umschriebene Entwicklungsst\u00f6rungen Schulkinder: <a href=\"https:\/\/youtu.be\/dJk6NV7iDIc\" target=\"_blank\" rel=\"noopener\" data-cke-saved-href=\"https:\/\/youtu.be\/dJk6NV7iDIc\">https:\/\/youtu.be\/dJk6NV7iDIc<\/a><\/li>\n<li>Dysfunktionen S\u00e4uglinge: <a href=\"https:\/\/youtu.be\/RQibHqJMmdI\" target=\"_blank\" rel=\"noopener\" data-cke-saved-href=\"https:\/\/youtu.be\/RQibHqJMmdI\">https:\/\/youtu.be\/RQibHqJMmdI<\/a><\/li>\n<li>Screeningbogen<sup>\u00ae<\/sup> 0 \u2013 12 Monate: <a href=\"https:\/\/paepki.us17.list-manage.com\/track\/click?u=447896a0e7f698cd2f507f930&amp;id=c192fd5364&amp;e=e99e41e2ca\" target=\"_blank\" rel=\"noopener\" data-cke-saved-href=\"https:\/\/paepki.us17.list-manage.com\/track\/click?u=447896a0e7f698cd2f507f930&amp;id=c192fd5364&amp;e=e99e41e2ca\">https:\/\/youtu.be\/T5Qn9L-22oQ<\/a><\/li>\n<li>Bedarfsorientierte Ern\u00e4hrung T\u00f6nnies: <a href=\"https:\/\/paepki.us17.list-manage.com\/track\/click?u=447896a0e7f698cd2f507f930&amp;id=1f528b5cd0&amp;e=e99e41e2ca\" target=\"_blank\" rel=\"noopener\" data-cke-saved-href=\"https:\/\/paepki.us17.list-manage.com\/track\/click?u=447896a0e7f698cd2f507f930&amp;id=1f528b5cd0&amp;e=e99e41e2ca\">https:\/\/youtu.be\/uRnsNwJWmCE<\/a><\/li>\n<li>Bedarfsorientierte Ern\u00e4hrung T\u00f6nnies (Den Jahren trotzen): <u><a href=\"https:\/\/youtu.be\/SS5cvHRqiwU\" target=\"_blank\" rel=\"noopener\" data-cke-saved-href=\"https:\/\/youtu.be\/SS5cvHRqiwU\">https:\/\/youtu.be\/SS5cvHRqiwU<\/a><\/u><\/li>\n<\/ul>\n<p><\/p>","protected":false},"excerpt":{"rendered":"<p>Publication List<\/p>\n","protected":false},"author":1,"featured_media":27264,"parent":30428,"menu_order":0,"comment_status":"closed","ping_status":"closed","template":"template-full-width.php","meta":{"_acf_changed":false,"_coblocks_attr":"","_coblocks_dimensions":"","_coblocks_responsive_height":"","_coblocks_accordion_ie_support":"","_themeisle_gutenberg_block_has_review":false,"footnotes":""},"class_list":["post-1248","page","type-page","status-publish","has-post-thumbnail","hentry"],"acf":[],"_links":{"self":[{"href":"https:\/\/relaunch.iabnetz.com\/en\/wp-json\/wp\/v2\/pages\/1248","targetHints":{"allow":["GET"]}}],"collection":[{"href":"https:\/\/relaunch.iabnetz.com\/en\/wp-json\/wp\/v2\/pages"}],"about":[{"href":"https:\/\/relaunch.iabnetz.com\/en\/wp-json\/wp\/v2\/types\/page"}],"author":[{"embeddable":true,"href":"https:\/\/relaunch.iabnetz.com\/en\/wp-json\/wp\/v2\/users\/1"}],"replies":[{"embeddable":true,"href":"https:\/\/relaunch.iabnetz.com\/en\/wp-json\/wp\/v2\/comments?post=1248"}],"version-history":[{"count":1,"href":"https:\/\/relaunch.iabnetz.com\/en\/wp-json\/wp\/v2\/pages\/1248\/revisions"}],"predecessor-version":[{"id":30452,"href":"https:\/\/relaunch.iabnetz.com\/en\/wp-json\/wp\/v2\/pages\/1248\/revisions\/30452"}],"up":[{"embeddable":true,"href":"https:\/\/relaunch.iabnetz.com\/en\/wp-json\/wp\/v2\/pages\/30428"}],"wp:featuredmedia":[{"embeddable":true,"href":"https:\/\/relaunch.iabnetz.com\/en\/wp-json\/wp\/v2\/media\/27264"}],"wp:attachment":[{"href":"https:\/\/relaunch.iabnetz.com\/en\/wp-json\/wp\/v2\/media?parent=1248"}],"curies":[{"name":"wp","href":"https:\/\/api.w.org\/{rel}","templated":true}]}}