{"id":1250,"date":"2016-05-24T12:49:34","date_gmt":"2016-05-24T10:49:34","guid":{"rendered":"https:\/\/iabnetz.de\/?post_type=news&#038;p=1250"},"modified":"2025-11-14T17:43:49","modified_gmt":"2025-11-14T16:43:49","slug":"english-veroeffentlichungen-adib-saberi-fereshte","status":"publish","type":"page","link":"https:\/\/relaunch.iabnetz.com\/en\/publikationen\/veroeffentlichungen-von-iab-experten\/english-veroeffentlichungen-adib-saberi-fereshte\/","title":{"rendered":"Adib Saberi, Fereshte MD, PhD"},"content":{"rendered":"<p><\/p>\n<p class=\"bodytext\"><b>PUBLICATION LIST<\/b><\/p>\n<p class=\"bodytext\"><i>Adib Saberi, F<\/i> (1994) Gibt es Pr\u00e4diktoren f\u00fcr das fr\u00fche Behandlungsschicksal nach einmaliger Botulinustoxin-Behandlung bei Patienten mit idiopathischen Torticollis spasmodicus? Medizinische Dissertation Hamburg (Deneke).<\/p>\n<p class=\"bodytext\"><i>Dressler D, Adib Saberi F, Benecke R <\/i>(2002) Botulinum toxin type B for treatment of axillar hyperhidrosis. J Neurol 249(12):1729-1732.<\/p>\n<p class=\"bodytext\"><i>Wittstock M, Adib Saberi F, Benecke R, Dressler D<\/i> (2002) Botulinum toxin treatment of axillar hyperhidrosis. Naunyn Schmiedebergs Arch Pharmacol 365 (Suppl 2):R48.<\/p>\n<p class=\"bodytext\"><i>Wittstock M, Adib Saberi F, Benecke R, Dressler D<\/i> (2002) Botulinum Toxin zur Behandlung fokaler Hyperhidrosen. 60. Jahrestagung der Gesellschaft f\u00fcr Nervenheilkunde des Landes Mecklenburg-Vorpommern e.V., Rostock, Deutschland, 25.10.-27.10.2002.<\/p>\n<p class=\"bodytext\"><i>Adib Saberi F, Dressler D<\/i> (2004) &#8220;Spastische Syndrome: Behandlung mit der intrathekalen Baclofen-Therapie (ITB). <span lang=\"EN-GB\">\u00c4rzte-Brosch\u00fcre Medtronic GmbH.<\/span><\/p>\n<p class=\"bodytext\"><i><span lang=\"EN-US\">Dressler D, Adib Saberi F<\/span><\/i><span lang=\"EN-US\"> (2005) Botulinum toxin: therapeutic mechanisms of action.<\/span><span lang=\"EN-GB\"> Eur<\/span><span lang=\"EN-US\"> Neurol 53(1):3-9.<\/span><\/p>\n<p class=\"bodytext\"><i><span lang=\"EN-US\">Dressler D, Adib Saberi F, Reis<\/span><\/i><i><span lang=\"EN-GB\"> Barbosa<\/span><\/i><i><span lang=\"EN-US\"> E<\/span><\/i><span lang=\"EN-US\"> (2005) Botulinum toxin: Therapeutic mechanisms of action. <\/span><span lang=\"EN-GB\">Arq Neuropsiquiatr 63:180-185.<\/span><\/p>\n<p class=\"bodytext\"><i><span lang=\"EN-GB\">Dressler D, Adib Saberi F<\/span><\/i><span lang=\"EN-GB\"> (2006): First high dose use of complex-free botulinum toxin type A. 10<sup>th<\/sup> International Congress of Parkinson&#8217;s Disease and Movement Disorders Kyoto, Japan, 28.10.-02.11.2006. <\/span>Movement Disorders 21(supplement 2):S640.<\/p>\n<p class=\"bodytext\"><i><span lang=\"EN-GB\">Dressler D, Adib Saberi F<\/span><\/i><span lang=\"EN-GB\"> (2006) Safety Aspects of High Dose Xeomin<sup>\u00ae<\/sup> Therapy. 16<sup>th<\/sup> Meeting European Neurological Society, Lausanne, Switzerland, 27.-31.05.2006.\u00a0<\/span>J Neurol 253(Suppl 2):141-142.<\/p>\n<p class=\"bodytext\"><i>Dressler D, Adib Saberi F<\/i> (2006) Erste Erfahrungen mit der Hochdosis-Anwendung einer komplexfreien Botulinum Toxin-Pr\u00e4paration. <span lang=\"EN-GB\">Akt Neurol 33: S60.<\/span><\/p>\n<p class=\"bodytext\"><i><span lang=\"EN-GB\">Dressler D, Adib Saberi F<\/span><\/i><span lang=\"EN-GB\"> (2006) First high dose use of complex free botulinum toxin type A. Mov Disord 21(Suppl 15):S640.<\/span><\/p>\n<p class=\"bodytext\"><i><span lang=\"EN-GB\">Dressler D, Adib Saberi F<\/span><\/i><span lang=\"EN-GB\"> (2007) New formulation of BOTOX<sup>\u00ae<\/sup>: Complete antibody-induced therapy failure in cervical dystonia. J Neurol Neurosurg Psychiat J 78(1):108-109.<\/span><\/p>\n<p class=\"bodytext\"><i><span lang=\"EN-US\">Dressler D, Adib Saberi F<\/span><\/i><span lang=\"EN-US\"> (2007) Cranial Dystonias. In: Bressman S, Warner T (Eds) Clinical Diagnosis and Management of Dystonia. Martin Dunitz\/Taylor &amp; Francis, London.<\/span><\/p>\n<p class=\"bodytext\"><i><span lang=\"EN-GB\">Adib F, Schade H, Dressler D<\/span><\/i><span lang=\"EN-GB\"> (2007)<\/span><span lang=\"EN-GB\"> Botulinum toxin to treat parotid saliva retention after iatrogenic Stenon duct lesion. 11<sup>th<\/sup> International Congress of Parkinson&#8217;s Disease and Movement Disorders, Istanbul, Turkey, June 3-7, 2007.<\/span><\/p>\n<p class=\"bodytext\"><i><span lang=\"EN-GB\">Adib Saberi F, Schade H, Dressler D<\/span><\/i><span lang=\"EN-GB\"> (2008) Botulinum toxin to treat parotid saliva retention after transient postoperative Stenon\u00b4s duct occlusion. Basic and Therapeutic Aspects of Botulinum and Tetanus Toxins <\/span>Baveno, Lake Maggiore, Italy, June 12-14, 2008. Toxicon 51:44, DOI: 10.1016\/j.toxicon.2008.04.132.<\/p>\n<p class=\"bodytext\"><i><span lang=\"EN-GB\">Adib Saberi F, Dressler D<\/span><\/i><span lang=\"EN-GB\"> (2008) Muscle hyperactivity after stroke: long term follow up of prevalence and current treatment practice. <\/span><span lang=\"EN-GB\">12<sup>th<\/sup> International Congress of Parkinson&#8217;s Disease and Movement Disorders, <\/span><span lang=\"EN-GB\">Chicago, USA June 22-26, 2008.<\/span><\/p>\n<p class=\"bodytext\"><i>Adib Saberi F, Czolbe F, Dressler D<\/i> (2008) Muskeltonuserh\u00f6hungen nach zerebrovaskul\u00e4ren Ereignissen. Akt Neurol 35\/S1:154. DOI: 10.1055\/s-0028-1087016.<i><\/i><\/p>\n<p class=\"bodytext\"><i><span lang=\"EN-GB\">Adib Saberi FA, Schade H, Dressler D (2008)<\/span><\/i><span lang=\"EN-GB\"> Botulinum toxin to treat parotid saliva retention after transient postoperative Stenon&#8217;s duct occlusion. <\/span>Toxicon 51 (Suppl 1): 44-44.<\/p>\n<p class=\"bodytext\"><i>Adib Saberi F, Czolbe F, Dressler D<\/i> (2008) Muskeltonuserh\u00f6hungen nach zerebrovaskul\u00e4ren Ereignissen. 81. Jahrestagung der Deutschen Gesellschaft f\u00fcr Neurologie, Hamburg, Deutschland, 10.-13.09.2008.<\/p>\n<p><i>Dressler D, Adib Saberi F<\/i> (2009) Muscle hyperactivity after stroke: Long term follow up of prevalence and current treatment. Movement Disorders 24(Suppl1):S449-S449.<\/p>\n<p class=\"bodytext\"><i>M\u00fcller K, Mix E, Adib Saberi F, Dressler D, Benecke R<\/i> (2009) Prevalence of neutralizing antibodies in patients treated with botulinum toxin type A for spasticity. J Neural Transm 116(5):579-585.<\/p>\n<p class=\"bodytext\"><i>Dressler D, Adib Saberi F<\/i> (2009) Botulinum Toxin: Vom Medikament zum Toxin. <span lang=\"EN-GB\">Akt Neurol (Suppl 1) S49-54.<\/span><\/p>\n<p class=\"bodytext\"><i>Dressler D, Adib Saberi F<\/i> (2009) Botulinum Toxin: from drug to poison. Fortschritte der Neurologie \u00b7 Psychiatrie (Impact Factor: 0.85). 08\/2009; 77 Suppl 1:S49-54. DOI: 10.1055\/s-0028-1109615<\/p>\n<p class=\"bodytext\"><i><span lang=\"EN-GB\">Adib Saberi F, Dressler D<\/span><\/i><span lang=\"EN-GB\"> (2009) Muscle hyperactivity after stroke: Long term follow up of prevalence and current treatment. Mov Disord 24\/Suppl 1: S449.<\/span><\/p>\n<p class=\"bodytext\"><i><span lang=\"EN-GB\">Dressler D, Adib Saberi F<\/span><\/i><span lang=\"EN-GB\"> (2009) Chemodenervation in PD and other Movement Disorders. 13<sup>th<\/sup> <\/span><span lang=\"EN-GB\">International Congress of Parkinson&#8217;s Disease and Movement Disorders, Paris, France, June, 7-11, 2009.<\/span><\/p>\n<p class=\"bodytext\"><i><span lang=\"EN-GB\">Adib Saberi F, Dressler D<\/span><\/i><span lang=\"EN-GB\"> (2009) Muscle hyperactivity after stroke: long term follow up of prevalence and current treatment practice. 13<sup>th<\/sup><\/span><span lang=\"EN-GB\"> International Congress of Parkinson&#8217;s Disease and Movement Disorders Paris, France, June, 7-11, 2009.<\/span><\/p>\n<p class=\"bodytext\"><i><span lang=\"EN-GB\">Dressler D, Adib Saberi F<\/span><\/i><span lang=\"EN-GB\"> (2009) Chemodenervation in Parkinson\u2019s Disease and other Movement Disorders<\/span><span lang=\"EN-GB\">. <\/span><span lang=\"EN-GB\">International Meeting \u201eMovement Disorders in Focus\u201c, <\/span><span lang=\"EN-GB\">Cebu<\/span><span lang=\"EN-GB\"> Philippine November 18-19, <\/span><span lang=\"EN-GB\">2009.<\/span><\/p>\n<p class=\"bodytext\"><i><span lang=\"EN-GB\">Adib Saberi F, Bigalke H, Dressler D<\/span><\/i><span lang=\"EN-GB\"> (2009) Antigenicity differences between Botox<sup>\u00ae<\/sup> and Xeomin<sup>\u00ae<\/sup>: Studied in a patient with transient botulinum toxin antibody titres. <\/span><span lang=\"EN-GB\">J Neural Transm <\/span><span lang=\"EN-GB\">117: 1229-1229.<\/span><\/p>\n<p><i><span lang=\"EN-GB\">Adib Saberi F, Bigalke H, Dressler D (2010)\u00a0<\/span><\/i><span lang=\"EN-GB\">Antigenicity differences between botulinum toxin drugs. <\/span>Movement Disorders 25(Suppl2):S227-S227.<\/p>\n<p class=\"bodytext\"><i><span lang=\"EN-GB\">Adib Saberi F, Bigalke H, Dressler D<\/span><\/i><span lang=\"EN-GB\"> (2010) Antigenicity differences between Botox<sup>\u00ae<\/sup> and Xeomin<sup>\u00ae<\/sup>: Study in a patient with transient neutralizing botulinum toxin antibody formation. First International Congress on Treatment of Dystonia, Hannover Deutschland, 6.-8.5.2010.<\/span><\/p>\n<p class=\"bodytext\"><i><span lang=\"EN-GB\">Adib Saberi F, Bigalke H, Dressler D<\/span><\/i><span lang=\"EN-GB\"> (2010) Antigenicity differences between Botox<sup>\u00ae<\/sup> and Xeomin<sup>\u00ae<\/sup><\/span><span lang=\"EN-GB\">. 14<sup>th<\/sup> International Congress of Parkinson&#8217;s Disease and Movement Disorders Buenos Aires, Argentina June 13-17, 2010. <\/span>Abstract 125:86. Volume: 25.<\/p>\n<p class=\"bodytext\"><i>Dressler D, Adib Saberi F <\/i><i>(2010) Pharmakologie der Botulinum Toxin-Medikamente. in: Laskawi R, Vogt T (2010) Botulinum Toxin Typ A: Praktische Anwendungen. Thieme, Stuttgart:2-10.<\/i><\/p>\n<p class=\"bodytext\"><i>Dressler D, Adib Saberi F, Pickenbrock H <\/i>(2010) Entspannung per Spritze Physiopraxis 11-12: 40-41.<\/p>\n<p class=\"bodytext\"><i>Dressler D, Adib Saberi F, Pickenbrock H<\/i> (2010) Entspannung per Spritze. <span lang=\"EN-US\">Ergopraxis 11-12: 24-25.<\/span><\/p>\n<p class=\"bodytext\"><i><span lang=\"EN-US\">Adib Saberi F, Dressler D<\/span><\/i><span lang=\"EN-US\"> (2011) <\/span><span lang=\"EN-GB\">Interdisciplinary Special Interest Groups (ISIG) for optimizing multimodal therapy of movement disorders.<\/span><b> <\/b><span lang=\"EN-GB\">15<sup>th<\/sup> International Congress of Parkinson&#8217;s Disease and Movement Disorders Toronto, Canada June 5-9, 2010. <\/span><span lang=\"EN-US\">Abstract 139:90. <\/span>Movement Disorders 26(supplement 2):S47.<\/p>\n<p class=\"bodytext\"><i>Adib Saberi F <\/i>(2011) Interdisziplin\u00e4rer Arbeitskreis Bewegungsst\u00f6rungen. Dystonie aktuell 34, Fr\u00fchjahr 2011:10-11.<\/p>\n<p class=\"bodytext\"><i><span lang=\"EN-US\">Adib Saberi F, Pickenbrock H, Dressler D<\/span><\/i><span lang=\"EN-US\"> (2011) <\/span><span lang=\"EN-GB\">Communication calendar for botulinum toxin therapy of spasticity in an outpatient setting. 7<sup>th<\/sup> International Conference on <\/span>span lang=&#8221;EN-GB&#8221;&gt;Basic and Therapeutic Aspects of Botulinum and Tetanus Toxins span lang=&#8221;EN-GB&#8221;&gt;Santa Fe, New Mexico, USA, October 2-5, 2011.<\/p>\n<p class=\"bodytext\"><i><span lang=\"EN-US\">Adib Saberi F, Dressler D<\/span><\/i><span lang=\"EN-US\"> (2011) <\/span><span lang=\"EN-GB\">Interdisciplinary Special Interest Groups (ISIG) for optimizing multimodal therapy of movement disorders.<\/span><span lang=\"EN-US\"> INTERNATIONAL SYMPOSIUM DYSTONIA AND DYSTONIC SYNDROMES. The Czech Movement Disorder Society PALACK\u00dd UNIVERSITY ARTS CENTRE, OLOMOUC, CZECH REPUBLIC, December 8 \u2013 9, 2011 <\/span><span lang=\"EN-GB\">Mov Dis 26 (Suppl 2): S47-S47.<\/span><\/p>\n<p class=\"bodytext\"><i><span lang=\"EN-US\">Adib Saberi F <\/span><\/i><span lang=\"EN-US\">(2012) IAB AS AN EXAMPLE FOR INTERDISCIPLINARY SPECIAL INTEREST GROUPS (ISIG) FOR OPTIMIZING MULTIMODAL THERAPY OF MOVEMENT DISORDERS. 8th International Congress on Mental Dysfunction in Parkinson&#8217;s Disease and &amp; Other Non-Motor Features in Other Related Disorders<\/span><span lang=\"EN-US\"> Germany, Berlin May 3-6 2012<\/span><\/p>\n<p class=\"bodytext\"><i><span lang=\"EN-US\">Adib Saberi F, Pickenbrock H, Dressler D<\/span><\/i><span lang=\"EN-US\"> (2012) <\/span><span lang=\"EN-GB\">Communication form for optimizing multimodal therapy of movement disorders.<\/span><span lang=\"EN-GB\"> 16<sup>th<\/sup> International Congress of Parkinson&#8217;s Disease and Movement Disorders Dublin, Ireland June 17-21, 2012, Abstract 872:105.<\/span><span lang=\"EN-GB\"> Mov Disord 27 (Suppl 1): S292-S293.<\/span><\/p>\n<p class=\"bodytext\"><i>Adib Saberi F, Pickenbrock H, Dressler D<\/i> (2012) Interdisziplin\u00e4rer Arbeitskreis Bewegungsst\u00f6rungen (IAB) zur Optimierung multimodaler Therapie von Bewegungsst\u00f6rungen. 85. Kongress der Deutschen Gesellschaft f\u00fcr Neurologie mit Fortbildungsakademie, 26.-29. September 2012, Hamburg, Poster 760.<\/p>\n<p class=\"bodytext\"><i><span lang=\"EN-US\">Adib Saberi F, Dressler D<\/span><\/i><span lang=\"EN-US\"> (2012) Interdisziplin\u00e4rer Arbeitskreis Bewegungsst\u00f6rungen (IAB): an interdisciplinary working group for promoting multimodal therapy of movement disorders. J Neural Transm DOI 10.1007\/s00702-012-0932-6<\/span><\/p>\n<p><i>Adib Saberi F, Pickenbrock H, Dressler D<\/i> (2013) Communication calendar for botulinum toxin therapy of spasticity in an outpatient setting. Toxicon 68:104, DOI: 10.1016\/j.toxicon.2012.07.123.<\/p>\n<p><i>Adib Saberi F, Pickenbrock H, Dressler D<\/i> (2013) Development of a webpage as a communication platform for optimising multimodal therapy of movement disorders. The Botulinum J., Vol. 2, Nos. 3\/4: 208.<\/p>\n<p class=\"bodytext\"><i><span lang=\"EN-US\">Adib Saberi F, Dressler D (2013)<\/span><\/i><span lang=\"EN-US\"> Interdisziplin\u00e4rer Arbeitskreis Bewegungsst\u00f6rungen (IAB): A new approach for promoting interdisciplinary therapy of movement disorders. J Neural Transm 120:705-710.<\/span><\/p>\n<p><i><span lang=\"EN-GB\">Dressler D, Adib Saberi F <\/span><\/i><span lang=\"EN-GB\">(2013)\u00a0<\/span>Linking allied health care professionals and physicians: the IAB model. Journal of Neural Transmission 120:1137.<\/p>\n<p class=\"bodytext\"><i><span lang=\"EN-GB\">Dressler D, Adib Saberi F <\/span><\/i><span lang=\"EN-GB\">(2013)\u00a0Towards a dose optimistaion of botulinum toxin therapy for axillary hyperhidrosis: Comparison of different botox doses. J Neural Transm<\/span>\u00a02013 Nov;120(11):1565-7. doi: 10.1007\/s00702-013-1021-1. Epub 2013 Jun 14.<\/p>\n<p class=\"bodytext\"><i>Adib Saberi F <\/i>(2013) IAB &#8211; Interdisziplin\u00e4rer Arbeitskreis Bewegungsst\u00f6rungen. Dystonie Rundblick, <a title=\"Initiates file download\" href=\"https:\/\/relaunch.iabnetz.com\/fileadmin\/user_upload\/fa\/papers\/Rundblick_Sommer_2013_low.pdf\">Sommer 2013: 10-12<\/a><\/p>\n<p class=\"bodytext\"><i>Dressler D, Adib Saberi F<\/i> (2013) Botulinum toxin in myotonia congenita: it does not help against rigidity and pain.\u00a0Journal of Neural Transmission\u00a0(Impact Factor: 3.05). 12\/2013; DOI: 10.1007\/s00702-013-1136-4.<\/p>\n<p class=\"bodytext\"><i><span lang=\"EN-US\">Adib Saberi F, Pickenbrock H, Dressler D <\/span><\/i><span lang=\"EN-US\">(2013) <\/span>Development of a webpage as a communication platform for optimising multimodal therapy of movement disorders. The Botulinum J., Vol. 2, Nos. 3\/4: 208.<\/p>\n<p class=\"bodytext\"><i>Dressler D, Adib Saberi F, Kollewe K, Schrader C<\/i><i> (2014)\u00a0<\/i>Safety aspects of incobotulinumtoxinA high-dose therapy. Journal of neural transmission (Vienna, Austria : 1996) 07\/2014; DOI: 10.1007\/s00702-014-1252-9.<\/p>\n<p class=\"bodytext\"><i>Dressler D, Adib Saberi F, Bigalke H\u00a0<\/i>(2014) IncobotulinumtoxinA (Xeomin(\u00ae) can produce antibody-induced therapy failure in a patient pretreated with abobotulinumtoxinA (Dysport(\u00ae). Journal of Neural Transmission (Impact Factor: 3.05). 03\/2014; DOI: 10.1007\/s00702-014-1165-7.<\/p>\n<p class=\"bodytext\"><i>Adib Saberi, F., Dressler, D. <\/i>(2014) The dystonia discomfort scale (DDS): A self-assessment scale for monitoring the temporal profile of botulinum toxin therapy in dystonia [abstract]. Movement Disorders 2014; 29 Suppl 1 :475<\/p>\n<p class=\"bodytext\"><i>Dressler D, Adib Saberi F, Kollewe K, Schrader C <\/i>(2014)\u00a0Safety aspects of high-dose incobotulinumtoxinA therapy [abstract]. Movement Disorders 2014;29 Suppl 1 :834<\/p>\n<p class=\"bodytext\"><i>Dressler D, Tacik P, Adib Saberi F <\/i>(2014)<i>,<\/i> <a href=\"https:\/\/www.researchgate.net\/publication\/264165444_Botulinum_toxin_therapy_of_cervical_dystonia_duration_of_therapeutic_effects\">Botulinum toxin therapy of cervical dystonia: duration of therapeutic effects.<\/a> Journal of neural transmission (Vienna, Austria : 1996) 07\/2014; DOI: 10.1007\/s00702-014-1253-8<\/p>\n<p><i><span lang=\"EN-US\">Dressler D,<\/span><\/i><i><span lang=\"EN-GB\">\u00a0Tacik P, Adib Saberi F<\/span><\/i><span lang=\"EN-GB\">\u00a0(2014) Botulinum Toxin Therapy of Cervical Dystonia: Comparing Botox\u00ae and Xeomin\u00ae. J Neural Transm\u00a0121:29-31.<\/span><\/p>\n<p><em>Adib Saberi F, Dressler D (2014)<\/em>\u00a0Interdisciplinary Treatment of Dystonia: The IAB Example. In: Bleton JP, Treatment of Cervical Dystonia. Edition Frissault-Roche, Paris<\/p>\n<p><em>Dressler D, Adib Saberi F (2014)<\/em> Botulinum toxin in myotonia congenita: it does not help against rigidity and pain. J Neural Trans 121:531-532.<\/p>\n<p><em>Dressler D, Adib Saberi F, Bigalke H (2014)<\/em>\u00a0IncobotulinumtoxinA (Xeomin\u00ae) can produce antibody-induced therapy failure in a patient pretreated with abobotulinumtoxinA (Dysport\u00ae). J Neural Transm 121:769-771.<\/p>\n<p><em>Dressler D, Tacik P. Adib Saberi F (2014)\u00a0<\/em>Botulinum toxin therapy of cervical dystonia: duration of therapeutic effects. J Neural Transm 122:297-300.<\/p>\n<p><em>Dressler D, Adib Saberi F, Kollewe K, Schrader C (2014)<\/em>\u00a0Safety aspects of incobotulinumtoxinA high dose therapy. J Neural Transm\u00a0122:327-333.<\/p>\n<p><em>Adib Saberi F, Dressler D, Moreno M, Micheli F\u00a0<\/em>(2014) Un grupo Interdisciplinario (GTI) para promover la terapia multimodal en trastornos del movimiento.\u00a0Prensa M\u00e9dic Argent 100:484-491.<\/p>\n<p><em>Dressler D, Berweck S, Chatzikalfas A, Ebke M, Frank B, Hesse S, Huber M, Krauss JK, M\u00fccke K-H, Nolte A, Oelmann H-D, Sch\u00f6nle PW, Schmutzler M, Pickenbrock H, Van der Ven C, Veelken N, Vogel M, Vogt T, Adib Saberi F (2015)<\/em>\u00a0Intrathecal baclofen therapy in Germany: proceedings of the IAB-Interdisciplinary Working Group for Movement Disorders consensus meeting. J Neural Transm 122:1573-1579.<\/p>\n<p><em>Adib Saberi F, Pickenbrock H, Dressler D (2015)\u00a0<\/em>The ComCal to Facilitate the Communication between Physicians and Physiotherapists in Botulinum Toxin Therapy of Spasticity. Toxins 93:S55, DOI: 10.1016\/j.toxicon.2014.11.179.<\/p>\n<p><em>Adib Saberi F, Pickenbrock H, Dressler D (2015)\u00a0<\/em>Usefulness of Communication Calendar for Botulinum Toxin Therapy of Spasticity in an Outpatient Setting. Conference: 19th International Congress of Parkinson&#8217;s Disease and Movement Disorders June 14 &#8211; 18, 2015, San Diego, CA, USA, Volume: Volume 30, June 2015 Abstract, Volume 30, June 2015 Abstract Supplement \/ Movement Disorders 2015;30 Suppl 1 :4163.<\/p>\n<p><em>Dressler D, Altenmueller E, Bhidayasiri R, Boholega S, Chana P, Chung TM, Frucht S, Garcia-Ruiz PJ, Kaelin A, Kaji R, Kanovsky P, Laskawi R, Micheli F, Orlova O, Relja M, Rosales R, Slawek J, Timerbaeva S, Warner TT, Adib Saberi F (2015)\u00a0<\/em>Strategies for Treatment of Dystonia. J Neural Transm 123:251-258.<\/p>\n<p><em>Dressler D, Adib Saberi F, Bigalke H (2016)<\/em>\u00a0Botulinum Toxin Therapy: Reduction of Injection Site Pain by pH-normalisation. J Neural Transm 123:527-531.<\/p>\n<p><em>Dressler D, Vogt S, Adib Saberi F (2016)<\/em>\u00a0Der Off-Label Use am Beispiel der Botulinumtoxin-Therapie.\u00a0Klin Neurophysiol 47: 87-91.<\/p>\n<p><em>Dressler D, Adib Saberi F (2016)\u00a0<\/em>Safety of botulinum toxin short interval therapy using incobotulinumtoxin A. Journal of Neural Transmission 124(4). DOI: 10.1007\/s00702-016-1628-0.<\/p>\n<p><em>Dressler D, Bhidayasiri R, Bohlega S, Chahidi A, Mo Chung T,\u00a0Ebke M,\u00a0Jacinto LJ, Kaji R, Ko\u00e7er S, Kanovsky P, Micheli F, Orlova O, Paus S, Pirtosek Z, Relja M, Rosales RL, Sag\u00e1stegui-Rodr\u00edguez JA, Schoenle PW, Shahidi GA, Timerbaeva S, Walter U, Adib Saberi F (2017)\u00a0<\/em>Botulinum Toxin Therapy for Treatment of Spasticity in Multiple Sclerosis: Review and Recommendations of the IAB &#8211; Interdisciplinary Working Group for Movement Disorders Task Force. J Neurol 264:112-120.<\/p>\n<p><em>Dressler D, Adib Saberi F (2017)<\/em>\u00a0Immunological safety of incobotulinumtoxinA (Xeomin\u00ae) therapy with reduced interinjection intervals. J Neural Transm 124:437-440.<\/p>\n<p><em>Dressler D, Adib Saberi F (2017)<\/em>\u00a0Economics of botulinum toxin therapy: influence of the abobotulinumntoxinA package size on the costs of botulinum toxin therapy. Mov Dis Clin Pract 4:6.<\/p>\n<p><em>Dressler D, Adib Saberi F (2017)<\/em>\u00a0Rehabilitation of Dystonia. In: Chien HF, Barsottini O (Eds) Movement Disorders Rehabilitation.\u00a0Springer, New York. pp67-82.<\/p>\n<p><em>Dressler D, Gelderblohm M (2017)<\/em>\u00a0Dystonie. In: Brandt T, Diener HC, Gerloff C (Eds) Therapie und Verlauf neurologischer Erkrankungen.\u00a0Kohlhammer, Stuttgart, Germany. pp 1120-1130.<\/p>\n<p><em>Adib Saberi F, Dressler D (2018)<\/em>\u00a0Linking allied Health Professionals and Physicians: The IAB Model. In: Dressler D, Altenm\u00fcller E, Krauss JK (Eds) Treatment of Dystonia. Cambridge University Press, Cambridge, UK.<\/p>\n<p><em>Dressler D, Bhidayasiri R, Boholega S, Chana P, Chien S, Chung TM, Colosimo C, Ebke M, Fedoroff K, Frank B, Kaji R, Kanovsky P, Ko\u00e7er S, Micheli F, Orlova O, Paus S, Pirtosek Z, Relja M, Rosales RL, Sag\u00e1stegui-Rodr\u00edguez JA, Schoenle PW, Shahidi GA, Timerbaeva S, Walter U, Adib Saberi F (2018)<\/em>\u00a0Defining Spasticity: A New Approach Considering Current Movement Disorders Terminology and Botulinum Toxin Therapy.\u00a0J Neurol 265:856-862.<\/p>\n<p><em>Dressler D, Pan L, Adib Saberi F (2018)\u00a0<\/em>Antibody-induced Failure of Botulinum Toxin Therapy: Re-Start with Low-Antigenicity Drugs Offers a New Treatment Opportunity. J Neural Transm 125:1481-1486.<\/p>\n<p><i>Dressler D, Ebke M, Adib Saberi F, Schrader C (2018)\u00a0<\/i>Botulinum toxin therapy in patients with oral anticoagulation: is it safe? Toxicon 156:S26. DOI: 10.1016\/j.toxicon.2018.11.064.<\/p>\n<p><i>Pan L,\u00a0 Adib Saberi F, Jin L, <\/i><i>Dressler D (2018) <\/i>Comparing hengli\u00ae with onabotulinumtoxinA and incobotulinumtoxinA: Identical potency labeling in the mouse diaphragm assay. Toxicon 156:S87. DOI: 10.1016\/j.toxicon.2018.11.211.<\/p>\n<p><em>Adib Saberi F, <\/em><em>Dressler Dc<\/em> (2019) Communication Calendar for Interdisciplinary Therapy of Parkinson\u2019s Disease. [abstract].\u00a0<em>Mov Disord.<\/em>\u00a02019; 34 (suppl 2). https:\/\/www.mdsabstracts.org\/abstract\/communication-calendar-for-interdisciplinary-therapy-of-parkinsons-disease-2\/. Accessed November 6, 2020.<\/p>\n<p><em>Dressler D, Pan L, Adib Saberi F, Bigalke H (2019)\u00a0<\/em>Do Complexing Proteins provide mechanical Protection for Botulinum Toxin Neurotoxins? J Neural Transm 126:1047-1050.<\/p>\n<p><em>Dressler D, Adib Saberi F (2020)<\/em>\u00a0Botulinum Toxin Therapy in the SARS-CoV-2 Pandemic: Patient Perceptions from a German Cohort. J Neural Transm 127:1271-1274.<\/p>\n<p><em>Dressler D, Adib Saberi F, Rosales R (2020)<\/em> Botulinum toxin therapy of dystonia. J Neural Transm. doi.org\/10.1007\/s00702-020-02266-z<\/p>\n<p><em>Dressler D, Altavista MC, Altenmueller E, Bhidayasiri R, Bohlega S, Chana P, Chung TM; Colosimo C, Fheodoroff K, Garcia-Ruiz PJ, Jeon B, Jin L, Kanovsky P, Milanov I, Micheli F, Orlova O, Pandey S, Pirtosek Z, Relja M, Rosales R, Sag\u00e1stegui-Rodr\u00edguez JA, Shahidi GA, Timerbaeva S, Wan X, Walter U, Adib Saberi F (2021) <\/em>Consensus Guidelines for Botulinum Toxin Therapy: General Algorithms and Dosing Tables for Dystonia and Spasticy. J Neural Transm 128:321-335.<\/p>\n<p><em>Dressler D, Kopp B, Adib Saberi F (2021)\u00a0<\/em>Botulinum toxin dosing in arm muscles: Contextual factors. J Neural Transm 128:315-319.<\/p>\n<p><em>Dressler D, Altenm\u00fcller E, Giess R, Krauss JK, Adib Saberi F<\/em> (2022) The epidemiology of dystonia: the Hannover epidemiology study. Journal of Neurology https:\/\/doi.org\/10.1007\/s00415-022-11310-9.<\/p>\n<p><i>Dressler D, Rothwell JC, Bhatia K, Kopp B, Bigalke H, Adib Saberi F (2023)<\/i> Botulinum Toxin Antibody Titres: Measurement, Interpretation, and Practical Recommendations. J Neurol 270:1524-1530.<\/p>\n<p><i>Dressler D, Kopp B, Pan L, Adib Saberi F (2023) The Natural Course of Cervical Dystonia. Journal of Neural Transmission https:\/\/doi.org\/10.1007\/s00702-023-02736-0.<\/i><\/p>\n<p><i>Dressler D, Kopp B, Pan L, Adib Saberi F (2024) <\/i>Excessive Psychological Stress Preceding the Onset of Idiopathic Cervical Dystonia. https:\/\/doi.org\/10.1007\/s00702-023-02694-7. J Neural Transm 131:53-57.<\/p>\n<p><i>Dressler D, Kopp B, Pan L, Adib Saberi F (2024)\u00a0<\/i>Excessive Psychological Stress Preceding the Onset of Idiopathic Cervical Dystonia. https:\/\/doi.org\/10.1007\/s00702-023-02694-7. J Neural Transm 131:53-57.<\/p>\n<p><em>Dressler D, Kopp B, Pan L, Blitzer A, Adib Saberi F (in press)<\/em> Spasmodic dysphonia: The Need for a Combined Neurological and Phoniatric\u00a0 Approach. J Neural Transm<\/p>\n<p><em>Dressler D, Altenm\u00fcller E, Pan L, Adib Saberi F (in press)<\/em> Optimal Botulinum Toxin Therapy of Dystonia in Germany: How Much Would it Cost?<\/p>\n<p>&nbsp;<\/p>","protected":false},"excerpt":{"rendered":"<p>Publication List<\/p>\n","protected":false},"author":39474,"featured_media":16550,"parent":30428,"menu_order":0,"comment_status":"closed","ping_status":"closed","template":"template-full-width.php","meta":{"_acf_changed":false,"_coblocks_attr":"","_coblocks_dimensions":"","_coblocks_responsive_height":"","_coblocks_accordion_ie_support":"","_themeisle_gutenberg_block_has_review":false,"footnotes":""},"class_list":["post-1250","page","type-page","status-publish","has-post-thumbnail","hentry"],"acf":[],"_links":{"self":[{"href":"https:\/\/relaunch.iabnetz.com\/en\/wp-json\/wp\/v2\/pages\/1250","targetHints":{"allow":["GET"]}}],"collection":[{"href":"https:\/\/relaunch.iabnetz.com\/en\/wp-json\/wp\/v2\/pages"}],"about":[{"href":"https:\/\/relaunch.iabnetz.com\/en\/wp-json\/wp\/v2\/types\/page"}],"author":[{"embeddable":true,"href":"https:\/\/relaunch.iabnetz.com\/en\/wp-json\/wp\/v2\/users\/39474"}],"replies":[{"embeddable":true,"href":"https:\/\/relaunch.iabnetz.com\/en\/wp-json\/wp\/v2\/comments?post=1250"}],"version-history":[{"count":2,"href":"https:\/\/relaunch.iabnetz.com\/en\/wp-json\/wp\/v2\/pages\/1250\/revisions"}],"predecessor-version":[{"id":30696,"href":"https:\/\/relaunch.iabnetz.com\/en\/wp-json\/wp\/v2\/pages\/1250\/revisions\/30696"}],"up":[{"embeddable":true,"href":"https:\/\/relaunch.iabnetz.com\/en\/wp-json\/wp\/v2\/pages\/30428"}],"wp:featuredmedia":[{"embeddable":true,"href":"https:\/\/relaunch.iabnetz.com\/en\/wp-json\/wp\/v2\/media\/16550"}],"wp:attachment":[{"href":"https:\/\/relaunch.iabnetz.com\/en\/wp-json\/wp\/v2\/media?parent=1250"}],"curies":[{"name":"wp","href":"https:\/\/api.w.org\/{rel}","templated":true}]}}