{"id":12769,"date":"2022-03-16T07:52:05","date_gmt":"2022-03-16T06:52:05","guid":{"rendered":"https:\/\/iabnetz.de\/?post_type=publikationen&#038;p=12769"},"modified":"2025-12-17T12:15:17","modified_gmt":"2025-12-17T11:15:17","slug":"riehle-dennis","status":"publish","type":"page","link":"https:\/\/relaunch.iabnetz.com\/en\/publikationen\/veroeffentlichungen-von-iab-experten\/riehle-dennis\/","title":{"rendered":"Riehle, Dennis"},"content":{"rendered":"<p><\/p>\n<ul>\n<li>\n<h3>Papers<\/h3>\n<ul>\n<li style=\"list-style-type: none;\">\n<ul>\n<li style=\"list-style-type: none;\">\n<ul>\n<li style=\"list-style-type: none;\">\n<ul>\n<li style=\"list-style-type: none;\">\n<ul>\n<li style=\"list-style-type: none;\">\n<ul>\n<li><a href=\"https:\/\/relaunch.iabnetz.com\/wp-content\/uploads\/2022\/03\/Artikel_Aerger-mit-der-Krankenkasse_Rechte-der-Versicherten_Riehle.pdf\" target=\"_blank\" rel=\"noopener\">\u00c4rger mit der Krankenkasse?<\/a><br \/>\nWelche Rechte Versicherte haben! (2021)<\/li>\n<li><a href=\"https:\/\/relaunch.iabnetz.com\/wp-content\/uploads\/2022\/03\/Artikel_Chronische-Erkrankung-Was-sage-ich-Familie-Freunden-und-Arbeitgeber_Riehle.pdf\" target=\"_blank\" rel=\"noopener\">Seelische Erkrankung: Was sage ich Familie, Freunden und Arbeitgeber?<\/a> (2021)<\/li>\n<li><a href=\"https:\/\/relaunch.iabnetz.com\/wp-content\/uploads\/2022\/03\/Artikel_Chronische-Krankheit-als-Sinnhaftigkeit-verstehen-und-als-Chance-nutzen.pdf\" target=\"_blank\" rel=\"noopener\">Seelische Krankheit als Sinnhaftigkeit verstehen und als Chance nutzen:<\/a><br \/>\nZehn hilfreiche Tipps zur Annahme, Verarbeitung und \u00dcberwindung psychischen Leids (2021)<\/li>\n<li><a href=\"https:\/\/relaunch.iabnetz.com\/wp-content\/uploads\/2022\/03\/Artikel_Der-lange-Weg-zu-einer-Parkinson-Diagnose-und-Dystonie_Riehle_2022.pdf\" target=\"_blank\" rel=\"noopener\">Die langersehnte Klarheit: Der steinige Weg zur Parkinson-Diagnose mit Dystonie\u2026<\/a> (2022)<\/li>\n<li><a href=\"https:\/\/relaunch.iabnetz.com\/wp-content\/uploads\/2022\/03\/Artikel_Nach-der-Diagnose_Umgang-und-Bewaeltigung-einer-chronischen-Erkrankung_Dennis-Riehle.pdf\" target=\"_blank\" rel=\"noopener\">Nach der Diagnose: Bew\u00e4ltigung und Umgang mit einer chronischen Erkrankung<\/a><br \/>\nF\u00fcnf Tipps f\u00fcr den Fall einer gesundheitsbedingten Hiobsbotschaft\u2026 (2021)<\/li>\n<li><a href=\"https:\/\/relaunch.iabnetz.com\/wp-content\/uploads\/2022\/03\/Chronisch-krank-Welche-sozialen-Leistungen-stehen-mir-zu_Riehle.pdf\" target=\"_blank\" rel=\"noopener\">Chronisch krank: Welche sozialen Leistungen stehen mir zu?<\/a> (2021)<\/li>\n<li><a href=\"https:\/\/relaunch.iabnetz.com\/wp-content\/uploads\/2022\/03\/Erfahrungsbericht_Psychosomatik.pdf\" target=\"_blank\" rel=\"noopener\">Erfahrungsbericht<\/a><br \/>\nWenn pl\u00f6tzlich eine K\u00f6rperh\u00e4lfte zu fehlen scheint\u2026 (2018)<\/li>\n<li><a href=\"https:\/\/relaunch.iabnetz.com\/wp-content\/uploads\/2022\/03\/Erfahrungsbericht_Parkinson-in-jungen-Jahren.pdf\" target=\"_blank\" rel=\"noopener\">Parkinson in jungen Jahren:<\/a><br \/>\n\u201eGrenzen setzen, Freir\u00e4ume nutzen!\u201c (2020)<\/li>\n<li><a href=\"https:\/\/relaunch.iabnetz.com\/wp-content\/uploads\/2022\/03\/Artikel_Schmerzmanagement-ist-Stressbewaeltigung_Riehle.pdf\" target=\"_blank\" rel=\"noopener\">Schmerzmanagement bedeutet Stressbew\u00e4ltigung<\/a> (2021)<\/li>\n<li><a href=\"https:\/\/relaunch.iabnetz.com\/wp-content\/uploads\/2022\/03\/Artikel_Schwerbehinderung-bei-Bewegungsstoerungen_Riehle.pdf\" target=\"_blank\" rel=\"noopener\">Extrapyramidale Krankheiten wie Parkinson oder Dystonie:<\/a><br \/>\nEine Schwerbehinderteneigenschaft ist m\u00f6glich und gerechtfertigt! (2022)<\/li>\n<li><a href=\"https:\/\/relaunch.iabnetz.com\/wp-content\/uploads\/2022\/04\/Informationsblatt_Erwerbsminderungsrente-Voraussetzungen-und-Alternativen-1.pdf\" target=\"_blank\" rel=\"noopener\">Erwerbsminderungsrente: Voraussetzungen und Alternativen<\/a> (2022)<\/li>\n<li><a href=\"https:\/\/relaunch.iabnetz.com\/wp-content\/uploads\/2022\/04\/Artikel_Bin-ich-psychisch-krank-Das-Indiz-Quadrat-fuer-ein-seelisches-Leiden_Riehle.pdf\">Bin ich \u201epsychisch krank\u201c? \u2013 Das Indiz-Quadrat f\u00fcr ein seelisches Leiden\u2026 <\/a> (2022)<\/li>\n<li><a href=\"https:\/\/relaunch.iabnetz.com\/wp-content\/uploads\/2022\/04\/Artikel_Bewegungsstoerungen_Was-kann-die-Ernaehrung-beitragen_Dennis-Riehle.pdf\">Bewegungsst\u00f6rungen: Kann eine Ern\u00e4hrungsanpassung sinnvoll sein?<\/a> (2022)<\/li>\n<li><a href=\"https:\/\/relaunch.iabnetz.com\/wp-content\/uploads\/2022\/05\/Erfahrungsbericht_Impfkomplikation_Dennis-Riehle.pdf\" target=\"_blank\" rel=\"noopener\">Neuralgien, Arthritis, Ersch\u00f6pfung: Was mir von der Impfung bleibt&#8230;<\/a> (2022)<\/li>\n<li><a href=\"https:\/\/relaunch.iabnetz.com\/wp-content\/uploads\/2022\/05\/Artikel_Der-lange-Weg-zu-einer-Parkinson-Diagnose_Riehle_2022.pdf\" target=\"_blank\" rel=\"noopener\">Die langersehnte Klarheit: Der steinige Weg zur Parkinson-Diagnose\u2026<\/a> (2022)<\/li>\n<li><a href=\"https:\/\/relaunch.iabnetz.com\/wp-content\/uploads\/2022\/05\/Pressemitteilung_DYD_Vorsorge-und-Therapie-nicht-schleifen-lassen_052022.pdf\" target=\"_blank\" rel=\"noopener\">Trotz des Krieges und der Pandemie Vorsorge und Behandlung nicht schleifen lassen!<\/a> (2022)<\/li>\n<li><a href=\"https:\/\/relaunch.iabnetz.com\/wp-content\/uploads\/2022\/05\/Pressemitteilung_DYD_Die-schwierige-Unterscheidbarkeit-von-Bewegungsstoerungen_052022.pdf\">Die schwierige Unterscheidbarkeit der verschiedenen Bewegungsst\u00f6rungen<\/a> (2022)<\/li>\n<li><a href=\"https:\/\/relaunch.iabnetz.com\/wp-content\/uploads\/2022\/06\/Erfahrungsbericht_Parkinson-Demenz_Es-liegt-dir-auf-der-Zunge-aber-es-kommt-nicht-raus_Dennis-Riehle_062022.pdf\">Erfahrungsbericht &#8211; Parkinson-Demenz: \u201eEs liegt dir auf der Zunge, aber es kommt nicht raus!\u201c<\/a> (2022)<\/li>\n<li><a href=\"https:\/\/relaunch.iabnetz.com\/wp-content\/uploads\/2022\/06\/PM_ABiD_Auch-Juengere-sollten-sich-nicht-fuer-einen-Schwerbehindertenausweis-schaemen_062022.pdf\">Allgemeiner Behindertenverband in Deutschland ermutigt:\u201eAuch J\u00fcngere mit Handicap sollten einen Schwerbehindertenausweis beantragen!\u201c<\/a> (2022)<\/li>\n<li><a href=\"https:\/\/relaunch.iabnetz.com\/wp-content\/uploads\/2022\/07\/Petition_Spezialambulanzen-fuer-extrapyramidale-Erkrankungen-in-Baden-Wuerttemberg_102021.pdf\">Petition an den Landtag von Baden-W\u00fcrttemberg Etablierung von Spezialambulanzen f\u00fcr extrapyramidale Erkrankungen<\/a> (2021) + <a href=\"https:\/\/relaunch.iabnetz.com\/wp-content\/uploads\/2022\/07\/Antwort_Petition_Landtag-BaWue_Spezialambulanzen-fuer-Bewegungsstoerungen_Riehle_062022.pdf\">Antwort des Landtags von Baden-W\u00fcrttemberg<\/a> (2022)<\/li>\n<li><a href=\"https:\/\/relaunch.iabnetz.com\/wp-content\/uploads\/2022\/08\/PM_ABiD-warnt-vor-steigenen-Stromkosten-fuer-den-Hilfsmittelbetrieb_082022.pdf\">ABiD macht behinderte Menschen auf Hilfsm\u00f6glichkeiten aufmerksam:\u201eViele Betroffene k\u00f6nnen Stromkosten f\u00fcr Hilfsmittelbetrieb nicht mehr finanzieren!\u201c<\/a> (2022)<\/li>\n<li><a href=\"https:\/\/relaunch.iabnetz.com\/wp-content\/uploads\/2022\/08\/Pressenotiz_Erfolg-fuer-Beratungsangebot_DYD_082022.pdf\">Pressenotiz &#8211; \u201eEs ist ein Erfolg, dass sich unsere Zielgruppe \u00fcberhaupt an die Beratung wendet!\u201c &#8211; Selbsthilfeverein Dystonie- und-Du e.V. ist erfreut \u00fcber Inanspruchnahme ihres Angebots<\/a> (2022)<\/li>\n<li><a href=\"https:\/\/relaunch.iabnetz.com\/wp-content\/uploads\/2022\/08\/PM_ABiD_Deutschland-hinkt-Ratifizierung-der-UN-Behindertenrechtskonvention-hinterher.pdf\">ABiD: Deutschland hinkt Ratifizierung der UN-Behindertenrechtskonvention hinterher Weiterhin hohes Ausma\u00df an Alltagsdiskriminierung gegen\u00fcber Menschen mit Handicap<\/a> (2022)<\/li>\n<\/ul>\n<\/li>\n<\/ul>\n<\/li>\n<\/ul>\n<\/li>\n<\/ul>\n<\/li>\n<\/ul>\n<\/li>\n<\/ul>\n<\/li>\n<\/ul>\n<h3>Books<\/h3>\n<ul>\n<li>Mehr Stoik geht kaum! (2021) Hestellung und Verlag: BoD &#8211; Books on Demand,\u00a0 Norderstedt. ISBN: 978-3-7557-5606-4<\/li>\n<li><span class=\"base\" data-ui-id=\"page-title-wrapper\">Depression? K\u00f6nnen Sie vielleicht sp\u00e4ter wiederkommen? (2022) Verlag: Books on Demand. ISBN-13: 9783755781851<\/span><\/li>\n<li>Kopf fragt Bauch: Hast du noch Serotonin? (2021) <span class=\"base\" data-ui-id=\"page-title-wrapper\">Verlag: Books on Demand. ISBN-13: 9783755758549<\/span><\/li>\n<li><span class=\"base\" data-ui-id=\"page-title-wrapper\">Zwang, Zw\u00e4nge, Zw\u00e4ngler&#8230;\u00a0<\/span>Textsammlung aus 20 Jahren Zweifelskrankheit (2021) Verlag: Books on Demand. ISBN-13: 9783755756071<\/li>\n<\/ul>\n<h3>Presentation<\/h3>\n<ul>\n<li><a href=\"https:\/\/relaunch.iabnetz.com\/wp-content\/uploads\/2023\/09\/Praesentation_Schwerbehinderung_Riehle_neu.pdf\">Schwerbehinderung &#8211; was ist das eigentlich?<\/a> (2023)<\/li>\n<\/ul>\n<p>&nbsp;<\/p>\n<p><strong>Dennis Riehle<\/strong><br \/>\nTel.: +49 7531 955401<br \/>\nMail: <a href=\"mailto:Beratung@Riehle-Dennis.de\" target=\"_blank\" rel=\"noopener\">Beratung@Riehle-Dennis.de<\/a><\/p>","protected":false},"excerpt":{"rendered":"<p class=\"qtranxs-available-languages-message qtranxs-available-languages-message-en\">Sorry, this entry is only available in <a href=\"https:\/\/relaunch.iabnetz.com\/de\/wp-json\/wp\/v2\/pages\/12769\" class=\"qtranxs-available-language-link qtranxs-available-language-link-de\" title=\"Deutsch\">Deutsch<\/a>.<\/p>\n","protected":false},"author":2,"featured_media":12751,"parent":30428,"menu_order":0,"comment_status":"closed","ping_status":"closed","template":"template-full-width.php","meta":{"_acf_changed":false,"_coblocks_attr":"","_coblocks_dimensions":"","_coblocks_responsive_height":"","_coblocks_accordion_ie_support":"","_themeisle_gutenberg_block_has_review":false,"footnotes":""},"class_list":["post-12769","page","type-page","status-publish","has-post-thumbnail","hentry"],"acf":[],"_links":{"self":[{"href":"https:\/\/relaunch.iabnetz.com\/en\/wp-json\/wp\/v2\/pages\/12769","targetHints":{"allow":["GET"]}}],"collection":[{"href":"https:\/\/relaunch.iabnetz.com\/en\/wp-json\/wp\/v2\/pages"}],"about":[{"href":"https:\/\/relaunch.iabnetz.com\/en\/wp-json\/wp\/v2\/types\/page"}],"author":[{"embeddable":true,"href":"https:\/\/relaunch.iabnetz.com\/en\/wp-json\/wp\/v2\/users\/2"}],"replies":[{"embeddable":true,"href":"https:\/\/relaunch.iabnetz.com\/en\/wp-json\/wp\/v2\/comments?post=12769"}],"version-history":[{"count":3,"href":"https:\/\/relaunch.iabnetz.com\/en\/wp-json\/wp\/v2\/pages\/12769\/revisions"}],"predecessor-version":[{"id":30809,"href":"https:\/\/relaunch.iabnetz.com\/en\/wp-json\/wp\/v2\/pages\/12769\/revisions\/30809"}],"up":[{"embeddable":true,"href":"https:\/\/relaunch.iabnetz.com\/en\/wp-json\/wp\/v2\/pages\/30428"}],"wp:featuredmedia":[{"embeddable":true,"href":"https:\/\/relaunch.iabnetz.com\/en\/wp-json\/wp\/v2\/media\/12751"}],"wp:attachment":[{"href":"https:\/\/relaunch.iabnetz.com\/en\/wp-json\/wp\/v2\/media?parent=12769"}],"curies":[{"name":"wp","href":"https:\/\/api.w.org\/{rel}","templated":true}]}}