{"id":1280,"date":"2014-12-30T17:19:41","date_gmt":"2014-12-30T16:19:41","guid":{"rendered":"https:\/\/iabnetz.de\/?post_type=news&#038;p=1280"},"modified":"2025-11-14T20:11:55","modified_gmt":"2025-11-14T19:11:55","slug":"aenderungen-im-patienterechtegesetz-fuer-patientenantraege","status":"publish","type":"page","link":"https:\/\/relaunch.iabnetz.com\/en\/publikationen\/medizinrecht\/aenderungen-im-patienterechtegesetz-fuer-patientenantraege\/","title":{"rendered":"(Deutsch) \u00c4nderungen im Patientenrechtegesetz f\u00fcr Patientenantr\u00e4ge"},"content":{"rendered":"<p class=\"qtranxs-available-languages-message qtranxs-available-languages-message-en\">Sorry, this entry is only available in <a href=\"https:\/\/relaunch.iabnetz.com\/de\/wp-json\/wp\/v2\/pages\/1280\" class=\"qtranxs-available-language-link qtranxs-available-language-link-de\" title=\"Deutsch\">Deutsch<\/a>.<\/p>","protected":false},"excerpt":{"rendered":"<p>Sorry, this entry is only available in Deutsch.<\/p>\n","protected":false},"author":1,"featured_media":16553,"parent":30420,"menu_order":0,"comment_status":"closed","ping_status":"closed","template":"template-full-width.php","meta":{"_acf_changed":false,"_coblocks_attr":"","_coblocks_dimensions":"","_coblocks_responsive_height":"","_coblocks_accordion_ie_support":"","_themeisle_gutenberg_block_has_review":false,"footnotes":""},"class_list":["post-1280","page","type-page","status-publish","has-post-thumbnail","hentry"],"acf":[],"_links":{"self":[{"href":"https:\/\/relaunch.iabnetz.com\/en\/wp-json\/wp\/v2\/pages\/1280","targetHints":{"allow":["GET"]}}],"collection":[{"href":"https:\/\/relaunch.iabnetz.com\/en\/wp-json\/wp\/v2\/pages"}],"about":[{"href":"https:\/\/relaunch.iabnetz.com\/en\/wp-json\/wp\/v2\/types\/page"}],"author":[{"embeddable":true,"href":"https:\/\/relaunch.iabnetz.com\/en\/wp-json\/wp\/v2\/users\/1"}],"replies":[{"embeddable":true,"href":"https:\/\/relaunch.iabnetz.com\/en\/wp-json\/wp\/v2\/comments?post=1280"}],"version-history":[{"count":4,"href":"https:\/\/relaunch.iabnetz.com\/en\/wp-json\/wp\/v2\/pages\/1280\/revisions"}],"predecessor-version":[{"id":30509,"href":"https:\/\/relaunch.iabnetz.com\/en\/wp-json\/wp\/v2\/pages\/1280\/revisions\/30509"}],"up":[{"embeddable":true,"href":"https:\/\/relaunch.iabnetz.com\/en\/wp-json\/wp\/v2\/pages\/30420"}],"wp:featuredmedia":[{"embeddable":true,"href":"https:\/\/relaunch.iabnetz.com\/en\/wp-json\/wp\/v2\/media\/16553"}],"wp:attachment":[{"href":"https:\/\/relaunch.iabnetz.com\/en\/wp-json\/wp\/v2\/media?parent=1280"}],"curies":[{"name":"wp","href":"https:\/\/api.w.org\/{rel}","templated":true}]}}