{"id":13458,"date":"2023-09-25T18:50:34","date_gmt":"2023-09-25T16:50:34","guid":{"rendered":"https:\/\/iabnetz.de\/?post_type=publikationen&#038;p=13458"},"modified":"2025-11-14T20:09:28","modified_gmt":"2025-11-14T19:09:28","slug":"vermutung-ueber-benachteiligung-wegen-einer-schwerbehinderung-bedarf-keiner-konkreten-anhaltspunkte","status":"publish","type":"page","link":"https:\/\/relaunch.iabnetz.com\/en\/publikationen\/medizinrecht\/vermutung-ueber-benachteiligung-wegen-einer-schwerbehinderung-bedarf-keiner-konkreten-anhaltspunkte\/","title":{"rendered":"Begleitpersonen f\u00fcr Patienten im station\u00e4ren Aufenthalt k\u00f6nnen ab November 2022 Krankengeld erhalten"},"content":{"rendered":"<p class=\"qtranxs-available-languages-message qtranxs-available-languages-message-en\">Sorry, this entry is only available in <a href=\"https:\/\/relaunch.iabnetz.com\/de\/wp-json\/wp\/v2\/pages\/13458\" class=\"qtranxs-available-language-link qtranxs-available-language-link-de\" title=\"Deutsch\">Deutsch<\/a>.<\/p>","protected":false},"excerpt":{"rendered":"<p>Sorry, this entry is only available in Deutsch.<\/p>\n","protected":false},"author":2,"featured_media":0,"parent":30420,"menu_order":0,"comment_status":"closed","ping_status":"closed","template":"template-full-width.php","meta":{"_acf_changed":false,"_coblocks_attr":"","_coblocks_dimensions":"","_coblocks_responsive_height":"","_coblocks_accordion_ie_support":"","_themeisle_gutenberg_block_has_review":false,"footnotes":""},"class_list":["post-13458","page","type-page","status-publish","has-post-thumbnail","hentry"],"acf":[],"_links":{"self":[{"href":"https:\/\/relaunch.iabnetz.com\/en\/wp-json\/wp\/v2\/pages\/13458","targetHints":{"allow":["GET"]}}],"collection":[{"href":"https:\/\/relaunch.iabnetz.com\/en\/wp-json\/wp\/v2\/pages"}],"about":[{"href":"https:\/\/relaunch.iabnetz.com\/en\/wp-json\/wp\/v2\/types\/page"}],"author":[{"embeddable":true,"href":"https:\/\/relaunch.iabnetz.com\/en\/wp-json\/wp\/v2\/users\/2"}],"replies":[{"embeddable":true,"href":"https:\/\/relaunch.iabnetz.com\/en\/wp-json\/wp\/v2\/comments?post=13458"}],"version-history":[{"count":1,"href":"https:\/\/relaunch.iabnetz.com\/en\/wp-json\/wp\/v2\/pages\/13458\/revisions"}],"predecessor-version":[{"id":30504,"href":"https:\/\/relaunch.iabnetz.com\/en\/wp-json\/wp\/v2\/pages\/13458\/revisions\/30504"}],"up":[{"embeddable":true,"href":"https:\/\/relaunch.iabnetz.com\/en\/wp-json\/wp\/v2\/pages\/30420"}],"wp:attachment":[{"href":"https:\/\/relaunch.iabnetz.com\/en\/wp-json\/wp\/v2\/media?parent=13458"}],"curies":[{"name":"wp","href":"https:\/\/api.w.org\/{rel}","templated":true}]}}