{"id":135,"date":"2025-03-14T11:55:04","date_gmt":"2025-03-14T10:55:04","guid":{"rendered":"https:\/\/relaunch.iabnetz.com\/?page_id=135"},"modified":"2025-12-16T18:01:52","modified_gmt":"2025-12-16T17:01:52","slug":"angebote","status":"publish","type":"page","link":"https:\/\/relaunch.iabnetz.com\/en\/iab-akademie\/angebote\/","title":{"rendered":"Angebote f\u00fcr Therapeuten"},"content":{"rendered":"<h4 class=\"wp-block-heading\">Angebote f\u00fcr \u00e4rztliche und nicht\u00e4rztliche Therapeuten<\/h4>\n\n\n\n<p><strong>Warum Bewegungsst\u00f6rungen?<\/strong><br>Bewegungsst\u00f6rungen sind ein <strong>rasch wachsender Bereich&nbsp;der Neurologie<\/strong>. Zu den h\u00e4ufigsten Bewegungsst\u00f6rungen&nbsp;z\u00e4hlen Parkinson-Syndrome, Dystonie, Spastik, Tremor&nbsp;und Chorea.<\/p>\n\n\n\n<p>Die Zahl der Patienten mit Bewegungsst\u00f6rungen&nbsp;wird auf Grund der Altersentwicklung der Bev\u00f6lkerung&nbsp;in den n\u00e4chsten Jahren stark steigen.<\/p>\n\n\n\n<p><strong>Warum die IAB-Akademie?<\/strong><br>Die IAB Akademie ist eine Initiative im Rahmen der IAB-Organisation.&nbsp;Sie dient der Fort- und Weiterbildung <strong>zu allen&nbsp;Aspekten der Bewegungsst\u00f6rungen<\/strong>.<\/p>\n\n\n\n<p><strong>Wie funktioniert die IAB Akademie?<\/strong><br>IAB Akademie basiert auf <strong>akkreditierten Fortbildungsveranstaltungen<\/strong>,&nbsp;bei denen die vorgeschriebenen Fortbildungspunkte&nbsp;der jeweiligen <strong>\u00c4rztekammern<\/strong> und der Registrierung&nbsp;beruflich Pflegender (<a href=\"http:\/\/www.regbp.de\/\">RbP<sup>\u00a9<\/sup><\/a>) f\u00fcr <strong>Pflegeberufe<\/strong> erworben werden&nbsp;k\u00f6nnen. Dar\u00fcber hinaus ist die IAB-Akademie von<a href=\"http:\/\/www.weiterbildung-hamburg.net\/\"> <strong>Weitbildung&nbsp;Hamburg e.V.<sup>\u00a9<\/sup><\/strong><\/a> zertifiziert.<\/p>\n\n\n\n<p>Die IAB Akademie bietet eine patentierte Ausbildung zum <a href=\"https:\/\/iabnetz.de\/akademie\/angebote-fuer-aerztliche-und-nichtaerztliche-therapeuten\/weiterbildung-zum-fachtherapeuten-bewegungsstoerungen-nach-iab-konzept\/\"><strong>Fachtherapeuten Bewegungsst\u00f6rungen nach IAB-Konzept&nbsp;(FB-IAB)<\/strong><\/a>.&nbsp;Sie kann berufs- und ausbildungsbegleitend&nbsp;erfolgen.<\/p>\n\n\n\n<p>Die Ausbildung wird von einem <strong>professionellen multidisziplin\u00e4ren&nbsp;Team<\/strong> unter dem Aspekt der Interdisziplinarit\u00e4t durchgef\u00fchrt und bietet <strong>eine au\u00dfergew\u00f6hnlich gro\u00dfe Auswahl an Themen<\/strong>.<\/p>\n\n\n\n<p>Seit 2018 bietet IAB Akademie <strong><a href=\"https:\/\/iabnetz.de\/wp-content\/uploads\/2020\/07\/\u00dcbersicht-WBS-IAB.pdf\">12 Weiterbildungsbausteine<\/a> (WbB) <\/strong>an, die i.R. des <a href=\"https:\/\/iabnetz.de\/weitere-informationen-2\/weiterbildungsbausteine-netz3l-hamburg-bildet\/\">Projekts<\/a> \u201eNetz3L \u2013 Hamburg bildet!\u201c entwickelt wurden.&nbsp; Zudem hat Dr. Fereshte Adib Saberi ein <strong><a href=\"https:\/\/iabnetz.de\/wp-content\/uploads\/2019\/01\/Netz3L_E-Learn_Zertifikat_Adib.pdf\">Zertifikat<\/a> f\u00fcr die Gestaltung von kompetenzorientierten Curricula als&nbsp;Weiterbildungsanbieterin<\/strong> erlangt.<\/p>\n\n\n\n<p>Vor dem Hintergrund der deutschen und europ\u00e4ischen Entwicklungen in der Bildungspolitik hatten sich Beh\u00f6rden, das Jobcenter team.arbeit.hamburg und die Agentur f\u00fcr Arbeit in Hamburg darauf verst\u00e4ndigt, berufliche Weiterbildungsbausteine nach hamburgweit einheitlichen Standards zu erstellen. <strong>Ziel war es, Qualit\u00e4t, Vergleichbarkeit sowie Transparenz in der beruflichen Fort- und Weiterbildung sicherzustellen.<\/strong> Dieses Projekt wurde aus den Europ\u00e4ischen Sozialfonds ESF und von der Freien und Hansestadt Hamburg finanziert.<\/p>\n\n\n\n<p>Die Bausteine beinhalten die interdisziplin\u00e4re Therapie von neurologischen Bewegungsst\u00f6rungen, Dystonien, Parkinson und spastischen Zust\u00e4ndern in <strong>jeweils drei Stufen (Grundbaustein, Superiorbaustein, Instrukteurbaustein)<\/strong>.<\/p>\n\n\n\n<div class=\"wp-block-group\"><div class=\"wp-block-group__inner-container is-layout-constrained wp-block-group-is-layout-constrained\">\n<p style=\"font-style:normal;font-weight:700\">\u2022 <a href=\"https:\/\/iabnetz.de\/akademie\/angebote-fuer-aerztliche-und-nichtaerztliche-therapeuten\/unser-angebot\/\">Unser Angebot<\/a><\/p>\n\n\n\n<p style=\"font-style:normal;font-weight:700\">\u2022 <a href=\"https:\/\/iabnetz.de\/akademie\/angebote-fuer-aerztliche-und-nichtaerztliche-therapeuten\/anmeldung-zu-iab-kursen\/\">Anmeldung zu IAB-Kursen<\/a><\/p>\n\n\n\n<p style=\"font-style:normal;font-weight:700\">\u2022 <a href=\"https:\/\/iabnetz.de\/akademie\/angebote-fuer-aerztliche-und-nichtaerztliche-therapeuten\/kursuebersichtstabelle\/\">Kurs\u00fcbersichtstabelle<\/a><\/p>\n\n\n\n<p style=\"font-style:normal;font-weight:700\">\u2022 <a href=\"https:\/\/iabnetz.de\/akademie\/angebote-fuer-aerztliche-und-nichtaerztliche-therapeuten\/allgemeines-fortbildungsangebot\/\">Allgemeines Fortbildungsangebot<\/a><\/p>\n\n\n\n<p style=\"font-style:normal;font-weight:700\">\u2022 <a href=\"https:\/\/iabnetz.de\/akademie\/angebote-fuer-aerztliche-und-nichtaerztliche-therapeuten\/weiterbildung-zum-fachtherapeuten-bewegungsstoerungen-nach-iab-konzept\/\">Weiterbildung zum Fachtherapeuten Bewegungsst\u00f6rungen nach IAB-Konzept<\/a><\/p>\n\n\n\n<p style=\"font-style:normal;font-weight:700\">\u2022 <a href=\"https:\/\/iabnetz.de\/akademie\/angebote-fuer-aerztliche-und-nichtaerztliche-therapeuten\/weiterbildungsbausteine-netz3l-hamburg-bildet\/\">Weiterbildungsbausteine f\u00fcr die interdisziplin\u00e4re Therapie von Bewegungsst\u00f6rungen<\/a><\/p>\n<\/div><\/div>","protected":false},"excerpt":{"rendered":"<p>Angebote f\u00fcr \u00e4rztliche und nicht\u00e4rztliche Therapeuten Warum Bewegungsst\u00f6rungen?Bewegungsst\u00f6rungen sind ein rasch wachsender Bereich&nbsp;der Neurologie. Zu den h\u00e4ufigsten Bewegungsst\u00f6rungen&nbsp;z\u00e4hlen Parkinson-Syndrome, Dystonie, Spastik, Tremor&nbsp;und Chorea. Die Zahl der Patienten mit&hellip;<\/p>\n","protected":false},"author":1,"featured_media":0,"parent":122,"menu_order":0,"comment_status":"closed","ping_status":"closed","template":"","meta":{"_acf_changed":false,"_coblocks_attr":"","_coblocks_dimensions":"","_coblocks_responsive_height":"","_coblocks_accordion_ie_support":"","_themeisle_gutenberg_block_has_review":false,"footnotes":""},"class_list":["post-135","page","type-page","status-publish","has-post-thumbnail","hentry"],"acf":[],"_links":{"self":[{"href":"https:\/\/relaunch.iabnetz.com\/en\/wp-json\/wp\/v2\/pages\/135","targetHints":{"allow":["GET"]}}],"collection":[{"href":"https:\/\/relaunch.iabnetz.com\/en\/wp-json\/wp\/v2\/pages"}],"about":[{"href":"https:\/\/relaunch.iabnetz.com\/en\/wp-json\/wp\/v2\/types\/page"}],"author":[{"embeddable":true,"href":"https:\/\/relaunch.iabnetz.com\/en\/wp-json\/wp\/v2\/users\/1"}],"replies":[{"embeddable":true,"href":"https:\/\/relaunch.iabnetz.com\/en\/wp-json\/wp\/v2\/comments?post=135"}],"version-history":[{"count":7,"href":"https:\/\/relaunch.iabnetz.com\/en\/wp-json\/wp\/v2\/pages\/135\/revisions"}],"predecessor-version":[{"id":30762,"href":"https:\/\/relaunch.iabnetz.com\/en\/wp-json\/wp\/v2\/pages\/135\/revisions\/30762"}],"up":[{"embeddable":true,"href":"https:\/\/relaunch.iabnetz.com\/en\/wp-json\/wp\/v2\/pages\/122"}],"wp:attachment":[{"href":"https:\/\/relaunch.iabnetz.com\/en\/wp-json\/wp\/v2\/media?parent=135"}],"curies":[{"name":"wp","href":"https:\/\/api.w.org\/{rel}","templated":true}]}}