{"id":315,"date":"2025-07-08T12:03:44","date_gmt":"2025-07-08T10:03:44","guid":{"rendered":"https:\/\/relaunch.iabnetz.com\/?page_id=315"},"modified":"2026-03-26T09:52:52","modified_gmt":"2026-03-26T08:52:52","slug":"erkrankte-und-nahestehende","status":"publish","type":"page","link":"https:\/\/relaunch.iabnetz.com\/en\/home\/erkrankte-und-nahestehende\/","title":{"rendered":"Erkrankte und Nahestehende"},"content":{"rendered":"<figure class=\"wp-block-image alignwide size-full\"><img decoding=\"async\" src=\"https:\/\/relaunch.iabnetz.com\/wp-content\/uploads\/2025\/08\/e_nah.jpg\" alt=\"\" class=\"wp-image-438\"\/><\/figure>\n\n\n\n<div class=\"wp-block-group alignwide\"><div class=\"wp-block-group__inner-container is-layout-constrained wp-block-group-is-layout-constrained\">\n<p>Leiden Sie unter Bewegungsst\u00f6rungen wie Parkinson Syndrom, Dystonien, Tremor, Spastiken z.B. nach Schlaganfall oder bei Multipler Sklerose? Sind Sie Angeh\u00f6rige?<br><strong>\u00dcbernehmen Sie Verantwortung f\u00fcr die Verbesserung Ihrer Lebensqualit\u00e4t!<\/strong><\/p>\n<\/div><\/div>\n\n\n\n<div class=\"wp-block-group alignwide\"><div class=\"wp-block-group__inner-container is-layout-constrained wp-block-group-is-layout-constrained\">\n<p>Suchen Sie Spezialist:innen auf diesem Gebiet?<br>Wissenschaftlicher Beirat<br>move neuro hub (Link)<br>Mitglieder (Link)<br>Referierende (Link)<br>Team (Link)<br>Weitere Organisationen (Link)<br>Partner:innen (Link)<br>M\u00f6chten Sie Ihr Wissen \u00fcber neurologische Bewegungsst\u00f6rungen ohne Werbung vertiefen?<br>move neuro e.V. (Link)<br>Weiterbildung (Link)<br>YouTube-Kanal<br>Leitlinien<br>Konsensus Artikel<br>Medizinrecht<br>Publikationen IAB-Spezialist:innen<br>Weitere Publikationen<br>Downloads f\u00fcr IAB-Mitglieder (Links zu \u00dcberschriften?)<br>Fachb\u00fccher<br>Print- und Online-Skalen zur Messung von Bewegungsst\u00f6rungen und Therapie-Effekten<br>Experten-Interviews<br><br>M\u00f6chten Sie Therapiem\u00f6glichkeiten und Therapieschritte aktiv und Augenh\u00f6he mitgestalten? \u2028M\u00f6chten Sie Sich mit weiteren Erkrankten, Angeh\u00f6rigen und zugleich therapeutisch T\u00e4tigen vernetzen?<br>\u00dcbrigens: Die Weiterbildungen steht nicht nur therapeutisch T\u00e4tigen offen:<br><br>AKTIV WERDEN<br>Aktivenverteiler<br>IAB-Mitgliedschaft<br>Weiterbildungen<br>Weitere Organsitionen<\/p>\n<\/div><\/div>","protected":false},"excerpt":{"rendered":"<p>Leiden Sie unter Bewegungsst\u00f6rungen wie Parkinson Syndrom, Dystonien, Tremor, Spastiken z.B. nach Schlaganfall oder bei Multipler Sklerose? Sind Sie Angeh\u00f6rige?\u00dcbernehmen Sie Verantwortung f\u00fcr die Verbesserung Ihrer Lebensqualit\u00e4t! Suchen&hellip;<\/p>\n","protected":false},"author":1,"featured_media":0,"parent":9,"menu_order":0,"comment_status":"closed","ping_status":"closed","template":"template-full-width.php","meta":{"_acf_changed":false,"_coblocks_attr":"","_coblocks_dimensions":"","_coblocks_responsive_height":"","_coblocks_accordion_ie_support":"","_themeisle_gutenberg_block_has_review":false,"footnotes":""},"class_list":["post-315","page","type-page","status-publish","has-post-thumbnail","hentry"],"acf":[],"_links":{"self":[{"href":"https:\/\/relaunch.iabnetz.com\/en\/wp-json\/wp\/v2\/pages\/315","targetHints":{"allow":["GET"]}}],"collection":[{"href":"https:\/\/relaunch.iabnetz.com\/en\/wp-json\/wp\/v2\/pages"}],"about":[{"href":"https:\/\/relaunch.iabnetz.com\/en\/wp-json\/wp\/v2\/types\/page"}],"author":[{"embeddable":true,"href":"https:\/\/relaunch.iabnetz.com\/en\/wp-json\/wp\/v2\/users\/1"}],"replies":[{"embeddable":true,"href":"https:\/\/relaunch.iabnetz.com\/en\/wp-json\/wp\/v2\/comments?post=315"}],"version-history":[{"count":68,"href":"https:\/\/relaunch.iabnetz.com\/en\/wp-json\/wp\/v2\/pages\/315\/revisions"}],"predecessor-version":[{"id":30988,"href":"https:\/\/relaunch.iabnetz.com\/en\/wp-json\/wp\/v2\/pages\/315\/revisions\/30988"}],"up":[{"embeddable":true,"href":"https:\/\/relaunch.iabnetz.com\/en\/wp-json\/wp\/v2\/pages\/9"}],"wp:attachment":[{"href":"https:\/\/relaunch.iabnetz.com\/en\/wp-json\/wp\/v2\/media?parent=315"}],"curies":[{"name":"wp","href":"https:\/\/api.w.org\/{rel}","templated":true}]}}