{"id":325,"date":"2025-07-08T12:14:43","date_gmt":"2025-07-08T10:14:43","guid":{"rendered":"https:\/\/relaunch.iabnetz.com\/?page_id=325"},"modified":"2026-03-26T09:53:26","modified_gmt":"2026-03-26T08:53:26","slug":"engagierte-undoeffentlichkeit","status":"publish","type":"page","link":"https:\/\/relaunch.iabnetz.com\/en\/home\/engagierte-undoeffentlichkeit\/","title":{"rendered":"Engagierte und \u00d6ffentlichkeit"},"content":{"rendered":"<figure class=\"wp-block-image alignwide size-full\"><img decoding=\"async\" src=\"https:\/\/relaunch.iabnetz.com\/wp-content\/uploads\/2025\/08\/e_oeff.jpg\" alt=\"\" class=\"wp-image-444\"\/><\/figure>\n\n\n\n<div class=\"wp-block-group alignwide\"><div class=\"wp-block-group__inner-container is-layout-constrained wp-block-group-is-layout-constrained\">\n<p>Setzen Sie sich ein f\u00fcr h\u00f6here gesellschaftliche Anerkennung neurologischer Bewegungsst\u00f6rungen und eine bessere Unterst\u00fctzung f\u00fcr Betroffene, Angeh\u00f6rige und zugleich Behandelnde durch das Gesundheitssystem und die Gesellschaft?vertiefen?<br><strong>Unterst\u00fctzen Sie unsere Vors\u00e4tze der Interdisziplinarit\u00e4t in der Diagnostik und Therapie neurologischer Bewegungsst\u00f6rungen!<\/strong><\/p>\n<\/div><\/div>\n\n\n\n<div class=\"wp-block-group alignwide\"><div class=\"wp-block-group__inner-container is-layout-constrained wp-block-group-is-layout-constrained\">\n<p>Angebote und Mitstreitende<br>move neuro hub<br>move neuro e.V.<br>Veranstaltungen<br>Weiterbildungen<br>YouTube-Kanal<br>Leitlinien<br>Konsensus Artikel<br>Medizinrecht<br>Publikationen IAB-Spezialist:innen<br>Weitere Publikationen<br>Downloads f\u00fcr IAB-Mitglieder (Links zu \u00dcberschriften?)<br>Fachb\u00fccher<br>Print- und Online-Skalen zur Messung von Bewegungsst\u00f6rungen und Therapie-Effekten<br>Experten-Interviews<br>Wissenschaftlicher Beirat<br>Mitglieder und Mitgliedschaft (Link)<br>Referierende (Link)<br>Team (Link)<br>Weitere Organisationen (Link)<br>Partner:innen (Link)<br>Projekte<br>Stellenangebote<br>News<br>Pressemitteilungen<br>Pressematerial<br>FAQ<\/p>\n<\/div><\/div>\n\n\n\n<div class=\"wp-block-group alignwide\"><div class=\"wp-block-group__inner-container is-layout-constrained wp-block-group-is-layout-constrained\">\n<p>Helfen Sie uns bei der Verbreitung eines interdisziplin\u00e4ren Therapieansatzes!<br>Beispiele f\u00fcr Kooperationsm\u00f6glichkeiten<br>IAB-Mitgliedschaft<br>IAB-Partnerschaft<br>AKTIV WERDEN bei unserem gemeinn\u00fctzigen Verein<br>Aktivenverteiler<br>Werden Sie aktiver Teil unserer Angebote und Mitstreitenden!<br>Finanzielle Unterst\u00fctzung<br>Kontakt<\/p>\n<\/div><\/div>","protected":false},"excerpt":{"rendered":"<p>Setzen Sie sich ein f\u00fcr h\u00f6here gesellschaftliche Anerkennung neurologischer Bewegungsst\u00f6rungen und eine bessere Unterst\u00fctzung f\u00fcr Betroffene, Angeh\u00f6rige und zugleich Behandelnde durch das Gesundheitssystem und die Gesellschaft?vertiefen?Unterst\u00fctzen Sie unsere&hellip;<\/p>\n","protected":false},"author":1,"featured_media":0,"parent":9,"menu_order":0,"comment_status":"closed","ping_status":"closed","template":"template-full-width.php","meta":{"_acf_changed":false,"_coblocks_attr":"","_coblocks_dimensions":"","_coblocks_responsive_height":"","_coblocks_accordion_ie_support":"","_themeisle_gutenberg_block_has_review":false,"footnotes":""},"class_list":["post-325","page","type-page","status-publish","has-post-thumbnail","hentry"],"acf":[],"_links":{"self":[{"href":"https:\/\/relaunch.iabnetz.com\/en\/wp-json\/wp\/v2\/pages\/325","targetHints":{"allow":["GET"]}}],"collection":[{"href":"https:\/\/relaunch.iabnetz.com\/en\/wp-json\/wp\/v2\/pages"}],"about":[{"href":"https:\/\/relaunch.iabnetz.com\/en\/wp-json\/wp\/v2\/types\/page"}],"author":[{"embeddable":true,"href":"https:\/\/relaunch.iabnetz.com\/en\/wp-json\/wp\/v2\/users\/1"}],"replies":[{"embeddable":true,"href":"https:\/\/relaunch.iabnetz.com\/en\/wp-json\/wp\/v2\/comments?post=325"}],"version-history":[{"count":39,"href":"https:\/\/relaunch.iabnetz.com\/en\/wp-json\/wp\/v2\/pages\/325\/revisions"}],"predecessor-version":[{"id":30989,"href":"https:\/\/relaunch.iabnetz.com\/en\/wp-json\/wp\/v2\/pages\/325\/revisions\/30989"}],"up":[{"embeddable":true,"href":"https:\/\/relaunch.iabnetz.com\/en\/wp-json\/wp\/v2\/pages\/9"}],"wp:attachment":[{"href":"https:\/\/relaunch.iabnetz.com\/en\/wp-json\/wp\/v2\/media?parent=325"}],"curies":[{"name":"wp","href":"https:\/\/api.w.org\/{rel}","templated":true}]}}