{"id":446,"date":"2025-08-04T19:20:10","date_gmt":"2025-08-04T17:20:10","guid":{"rendered":"https:\/\/relaunch.iabnetz.com\/?page_id=446"},"modified":"2026-03-18T22:32:52","modified_gmt":"2026-03-18T21:32:52","slug":"faq","status":"publish","type":"page","link":"https:\/\/relaunch.iabnetz.com\/en\/faq\/","title":{"rendered":"FAQ"},"content":{"rendered":"\n<p><strong>Hier finden Sie einige Antworten zu h\u00e4ufig gestellten Fragen zu neurologischen Bewegungsst\u00f6rungen, ihrer Therapie, den Weg zu Experten und warum es wichtig ist, selbst aktiv zu werden.<\/strong><\/p>\n\n\n\n<p><strong>Und nat\u00fcrlich erfahren Sie, wie Ihnen IAB dabei helfen kann.<\/strong><\/p>\n\n\n\n<h2 class=\"wp-block-heading\">Was sind neurologische Bewegungsst\u00f6rungen?<\/h2>\n\n\n\n<p>Bewegungsst\u00f6rungen umfassen etwa ein F\u00fcnftel der gesamten Neurologie und stellen damit einen der Hauptbereiche dieses Faches dar. Die h\u00e4ufigsten Bewegungsst\u00f6rungen sind Parkinson-Syndrome, Dystonien, Spastik, Zerebralparese und Tremor. Seltenere Bewegungsst\u00f6rungen sind Tics, Chorea und psychogene Bewegungsst\u00f6rungen. Die H\u00e4ufigkeit der Bewegungsst\u00f6rungen in der Gesellschaft nimmt zu, da viele dieser Krankheiten altersgebunden sind.<\/p>\n\n\n\n<p>Eine der wichtigsten Aktivit\u00e4ten von IAB ist es, neurologische Bewegungsst\u00f6rungen bei den \u00e4rztlichen und nicht-\u00e4rztlichen Therapeuten und in der Gesellschaft bekannt zu machen.<\/p>\n\n\n\n<h2 class=\"wp-block-heading\">Was sind die wichtigsten Therapieans\u00e4tze bei Bewegungsst\u00f6rungen?<\/h2>\n\n\n\n<p>Die Behandlungsm\u00f6glichkeiten von Bewegungsst\u00f6rungen haben sich in den letzten Jahren deutlich verbessert. Bei Parkinson-Syndromen hat die klassische Medikamententherapie deutliche Fortschritte gemacht. Daneben sind die Tiefe Hirnstimulation, die Duodopa-Therapie und die Apomorphin-Therapie entwickelt worden. Bei Dystonie sind entscheidende Fortschritte durch die Botulinumtoxin-Therapie erzielt worden. Auch hier und beim Tremor bietet die Tiefe Hirnstimulation zus\u00e4tzliche Therapiem\u00f6glichkeiten.<\/p>\n\n\n\n<p>Aufgabe von IAB ist es, das Wissen \u00fcber die vielf\u00e4ltigen neuen Therapieoptionen bekannt zu machen.<\/p>\n\n\n\n<h2 class=\"wp-block-heading\">Welche weiteren Therapien gibt es?<\/h2>\n\n\n\n<p>Komplement\u00e4re Therapien sind Physiotherapie, Ergotherapie, Logop\u00e4die und in schwereren F\u00e4llen auch eine spezielle Pflege. Wie bei allen chronischen Erkrankungen werden nat\u00fcrlich auch bei Bewegungsst\u00f6rungen viele unterschiedliche nicht gepr\u00fcfte Therapien angeboten. Einige davon k\u00f6nnen sinnvoll sein, andere sind spekulativ und nutzen den Leidensdruck und die Unwissenheit der Patienten und ihrer Angeh\u00f6rigen finanziell aus.<\/p>\n\n\n\n<p>IAB gibt hier Hinweise und Informationen.<\/p>\n\n\n\n<h2 class=\"wp-block-heading\">Ist es sinnvoll, sich als Patient oder Angeh\u00f6riger bei der Therapieplanung einzubringen?<\/h2>\n\n\n\n<p>Eine aktive Rolle bei der Therapieplanung und der Therapiedurchf\u00fchrung ist f\u00fcr den Erfolg der Therapie entscheidend wichtig. Der Patient muss den Therapieansatz verstehen, muss die Therapiedurchf\u00fchrung unterst\u00fctzen und entscheidende R\u00fcckmeldungen an den Therapeuten geben. Ohne ein Grundverst\u00e4ndnis des Therapieansatzes ist eine ausreichende Motivation des Patienten nicht zu erreichen.<\/p>\n\n\n\n<p>IAB bietet Edukation f\u00fcr Patienten und Angeh\u00f6rige durch seine Website, durch Publikationen, Regionaltreffen und durch die Veranstaltungen der IAB Akademie.<\/p>\n\n\n\n<h2 class=\"wp-block-heading\">Was sind die Herausforderungen bei der Therapie der Bewegungsst\u00f6rungen?<\/h2>\n\n\n\n<p>Viele der neuen Therapien sind komplex. Sie m\u00fcssen durch Spezialisten durchgef\u00fchrt werden. Gleichzeitig wird die unabh\u00e4ngige Beratung des Patienten immer wichtiger, um die f\u00fcr den Einzelfall und das Krankheitsstadium optimale Therapie auszuw\u00e4hlen. Da Bewegungsst\u00f6rungen fast immer chronisch verlaufen und Heilung bislang fast nie zu erreichen ist, m\u00fcssen diese Therapien langfristig geplant werden und die Beitr\u00e4ge vieler paralleler Therapieans\u00e4tze kombiniert werden. Besonders wichtig ist daher ein gut eingespieltes und gut koordiniertes Therapeutenteam. Dieses schlie\u00dft neben \u00e4rztlichen auch nicht-\u00e4rztliche Therapeuten ein. Eine optimale Therapie sollte daher multimodal (d.h. eine Kombination vieler Therapieans\u00e4tze) und interdisziplin\u00e4r (d.h. eine Zusammenarbeit vieler Therapeuten) sein.<\/p>\n\n\n\n<p>IAB will besonders den interdisziplin\u00e4ren und multimodalen Ansatz bei der Therapie der Bewegungsst\u00f6rungen f\u00f6rdern.<\/p>\n\n\n\n<h2 class=\"wp-block-heading\">Wie tr\u00e4gt IAB zur Verbesserung der Behandlung von Bewegungsst\u00f6rungen bei?<\/h2>\n\n\n\n<p>IAB ist eine Plattform f\u00fcr alle Themen dar, die mit Bewegungsst\u00f6rungen zu tun haben. IAB bietet <strong>Ausbildung<\/strong> f\u00fcr \u00e4rztliche und nicht-\u00e4rztliche Therapeuten, sowie f\u00fcr Patienten und Angeh\u00f6rige. Dazu finden regelm\u00e4\u00dfige Regionalgruppen-Treffen, aber auch unterschiedliche Veranstaltungsformate statt. Neu ist die IAB Akademie, die zertifizierte Ausbildungen insbesondere f\u00fcr nicht-\u00e4rztliche Therapeuten anbietet. An den Veranstaltungen der IAB Akademie k\u00f6nnen in bestimmten F\u00e4llen auch Patienten und Angeh\u00f6rige teilnehmen. IAB bietet <strong>Kommunikation<\/strong> f\u00fcr alle, die an Bewegungsst\u00f6rungen interessiert sind. Zentrum dieser Kommunikation ist die IAB-Website unter www.iabnetz.de. Auf dieser Website finden sich Verzeichnisse von Therapeuten und \u00c4rzten, die besondere Kenntnisse \u00fcber Bewegungsst\u00f6rungen besitzen. Daneben finden sich Links zu nationalen und internationalen Selbsthilfeorganisationen und Vereinigungen, die in diesem Bereich aktiv sind. IAB stellt <strong>\u00d6ffentlichkeit<\/strong> her, indem aktuelle Themen aus dem Bereich der Bewegungsst\u00f6rungen aufgegriffen und behandelt werden.<\/p>\n\n\n\n<p>IAB bietet auch <strong>zahlreiche Materialien<\/strong> and, die der Ausbildung der Therapeuten dienen, die spezielle Therapien begleiten und monitoren und die Patienten und ihre Angeh\u00f6rige aufkl\u00e4ren. Besonders erfolgreich sind die Konsensus-Statements, die sich wissenschaftlich mit besonderen Themen besch\u00e4ftigen und internationale Standards bei der Therapie von Bewegungsst\u00f6rungen setzen.<\/p>\n\n\n\n<h2 class=\"wp-block-heading\">Wie kann ich erkennen, ob ich an einer neurologischen Bewegungsst\u00f6rung leide?<\/h2>\n\n\n\n<p>Neurologische Bewegungsst\u00f6rungen k\u00f6nnen sich durch \u00dcberbewegungen \u00e4u\u00dfern. Dies k\u00f6nnen anhaltende Muskelverkrampfungen, kurze ruckartige Muskelzuckungen, komplexe Bewegungsmuster, wellenf\u00f6rmige Muskelverkrampfungen, die durch \u00e4u\u00dfere Reize ausgel\u00f6st sind, oder ein Tremor sein. H\u00e4ufig l\u00f6sen die Muskel\u00fcberaktivit\u00e4ten Schmerzen aus. Neurologische Bewegungsst\u00f6rungen k\u00f6nnen sich aber durch Minderbewegungen auffallen. Dabei sind die Bewegungen des Patienten sp\u00e4rlich und sparsam, verlangsamt und steif.<\/p>\n\n\n\n<p>Informationen \u00fcber neurologische Bewegungsst\u00f6rungen finden sich auf der Website und in den verschiedenen Publikationen von IAB. Weitere hilfreiche Informationen werden auch bei den Treffen der IAB-Regionalgruppen und bei den Veranstaltungen der IAB Akademie ausgetauscht.<\/p>\n","protected":false},"excerpt":{"rendered":"<p>Hier finden Sie einige Antworten zu h\u00e4ufig gestellten Fragen zu neurologischen Bewegungsst\u00f6rungen, ihrer Therapie, den Weg zu Experten und warum es wichtig ist, selbst aktiv zu werden. Und&hellip;<\/p>\n","protected":false},"author":1,"featured_media":0,"parent":0,"menu_order":0,"comment_status":"closed","ping_status":"closed","template":"template-full-width.php","meta":{"_acf_changed":false,"_coblocks_attr":"","_coblocks_dimensions":"","_coblocks_responsive_height":"","_coblocks_accordion_ie_support":"","_themeisle_gutenberg_block_has_review":false,"footnotes":""},"class_list":["post-446","page","type-page","status-publish","has-post-thumbnail","hentry"],"acf":[],"_links":{"self":[{"href":"https:\/\/relaunch.iabnetz.com\/en\/wp-json\/wp\/v2\/pages\/446","targetHints":{"allow":["GET"]}}],"collection":[{"href":"https:\/\/relaunch.iabnetz.com\/en\/wp-json\/wp\/v2\/pages"}],"about":[{"href":"https:\/\/relaunch.iabnetz.com\/en\/wp-json\/wp\/v2\/types\/page"}],"author":[{"embeddable":true,"href":"https:\/\/relaunch.iabnetz.com\/en\/wp-json\/wp\/v2\/users\/1"}],"replies":[{"embeddable":true,"href":"https:\/\/relaunch.iabnetz.com\/en\/wp-json\/wp\/v2\/comments?post=446"}],"version-history":[{"count":1,"href":"https:\/\/relaunch.iabnetz.com\/en\/wp-json\/wp\/v2\/pages\/446\/revisions"}],"predecessor-version":[{"id":447,"href":"https:\/\/relaunch.iabnetz.com\/en\/wp-json\/wp\/v2\/pages\/446\/revisions\/447"}],"wp:attachment":[{"href":"https:\/\/relaunch.iabnetz.com\/en\/wp-json\/wp\/v2\/media?parent=446"}],"curies":[{"name":"wp","href":"https:\/\/api.w.org\/{rel}","templated":true}]}}